{"id":149578,"date":"2025-01-07T10:40:55","date_gmt":"2025-01-07T09:40:55","guid":{"rendered":"https:\/\/najnaj.hr\/proizvod\/besafe-autosjedalica-izi-turn-i-sizesea-zelena\/"},"modified":"2026-04-15T02:13:11","modified_gmt":"2026-04-15T00:13:11","slug":"besafe-autosjedalica-izi-turn-i-sizesea-zelena","status":"publish","type":"product","link":"https:\/\/najnaj.eu\/fr\/proizvod\/besafe-autosjedalica-izi-turn-i-sizesea-zelena\/","title":{"rendered":"BeSafe iZi Turn i-Size, Sea zelena"},"content":{"rendered":"<p>BeSafe iZi Turn i-Size: ova autosjedalica za djecu od 1. do 4. godine ima mogu\u0107nost potpune rotacije od 360\u00b0 stupnjeva koja omogu\u0107ava roditeljima da lak\u0161e izvade ili stave dijete u autosjedalicu, odnosno da mu mogu pristupiti u svakom trenutku iz svakog kutka.<\/p>\n<p>BeSafe sna\u017eno preporu\u010duje kori\u0161tenje autosjedalice u suprotnom smjeru \u0161to je du\u017ee mogu\u0107e, a optimalno kad dijete naraste do visine 105 cm, odnosno kad je dijete starosti oko 4 godine. Ipak, ova autosjedalica omogu\u0107ava i smjer prema naprijed u smjeru vo\u017enje ako je to potrebno.<\/p>\n<p>iZi Turn i-Size utjelovljuje naprednu tehnologiju i visok stupanj prilagodbe va\u0161em djetetu uz sustav Two-Fit Cushion\u2122 koji omogu\u0107ava dodatnu udobnost i sigurnost.<\/p>\n<p>Dvoslojna sigurnost<br \/>\nUgra\u0111ena za\u0161tita od bo\u010dnih udara (SIP) u \u0161koljci sjedala<br \/>\nDodatna za\u0161tita od bo\u010dnih udara (SIP+) s prilago\u0111enim oblikom<br \/>\nZa\u0161titni i mekani naslon za glavu s inovativnim sustavom Dynamic Force Absorber\u2122<br \/>\nKad je postavljena suprotno od smjera vo\u017enje, prolazi najte\u017ei test na svijetu: Plus Test (jer je u tom slu\u010daju identi\u010dna autosjedalici BeSafe iZi Twist i-Size koja je polo\u017eila Plus test)<br \/>\nOdobrena prema najnovijem standardu UN R129<br \/>\nOmogu\u0107ava 5x sigurniju vo\u017enju u smjeru suprotnom od smjera vo\u017enje do pribli\u017eno 4. godine<\/p>\n<p>Vrhunska funkcionalnost za jednostavno svakodnevno kori\u0161tenje<br \/>\nPametni sustav magneta \u2013 olak\u0161ava stavljanje i va\u0111enje djeteta iz sjedalice<br \/>\nPotpuna rotacija za 360 stupnjeva za fleksibilno kori\u0161tenje<br \/>\nPodesivi polo\u017eaji naslona \u010dak i nakon instalacije<br \/>\nOpti\u010dki i zvu\u010dni indikatori za povratnu informaciju o instalaciji<br \/>\nJednostavno pode\u0161avanje naslona za glavu i pojaseva<\/p>\n<p>Individualizirana udobnost<br \/>\nUniversal-Level-Technology\u2122 \u2013 sustav za optimalan kut sjedenja u bilo kojem automobilu<br \/>\nVisokokvalitetni materijali<br \/>\nMekani potporni jastu\u010di\u0107 za stabilnost i podr\u0161ku<br \/>\nIzuzetna udobnost s 4 nagibna polo\u017eaja<br \/>\nPodesivi naslon za glavu u 6 polo\u017eaja koji prati rast djeteta<br \/>\nIzvrsna prozra\u010dnost zahvaljuju\u0107i ventilacijskom sustavu na stra\u017enjoj strani<\/p>\n<p>Universal Level Technology<br \/>\nKonstruirana za najgori slu\u010daj, da uvijek pru\u017ea najve\u0107u udobnost<\/p>\n<p>Sve 3 BeSafe rotacijske autosjedalice imaju jedinstvenu konstrukciju koja omogu\u0107ava da se prilikom postavljanja autosjedalice u vozilo idealno namjesti nagib sjedalice. BeSafe je osmislio i konstruirao jedinstvenu tehnologiju Universal Level Technology\u2122 koja \u0107e osigurati optimalan nagib sjedalice neovisno o tome kako je gra\u0111eno sjedalo u vozilu. Ovakav na\u010din instalacije rje\u0161ava uobi\u010dajeni izazov za sjedalice suprotnog smjera, koji je stvorila automobilska industrija, a to su nagnuta sjedala u automobilu odnosno nezgodna visina ISOfix prstenova. Kako bi odrasli putnici \u0161to udobnije sjedili u automobilima, automobilska industrija \u010desto u vozila ugra\u0111uje duboka sjedala s uzdignutim rubovima (dijelom ispod koljena putnika). Kad se na takva sjedala postavljaju dje\u010dje autosjedalice okrenute suprotno od smjera vo\u017enje one mogu imati prili\u010dno uspravni sjede\u0107i kut za dijete i to \u010desto zabrinjava roditelje. Universal Level Technology\u2122 uzdi\u017ee cijelu sjedalicu iznad automobilskog sjedala i njen nagib prestaje biti ovisan o kutu pod kojim je postavljeno sjedalo automobila.<\/p>\n<p>Dynamic Force Absorber\u2122<br \/>\nPoput trampolina<\/p>\n<p>Inovacija u za\u0161titi od bo\u010dnog udara ve\u0107 je dugo fokus BeSafe-a. Sa sustavom Dynamic Force Absorber\u2122, iZi Turn i-Size nudi novo i vrhunsko rje\u0161enje u uzglavlju autosjedalice. Konstrukcija je izra\u0111ena od specijalnog materijala koji je sastavljen u razli\u010dito fleksibilne zone koje optimalno apsorbiraju sile u bo\u010dnom udaru<\/p>\n<p>Two-Fit Cushions\u2122<br \/>\nPrilagodba za maksimalnu udobnost<\/p>\n<p>iZi Turn i-Size sadr\u017ei dobro provjerene potporne jastu\u010di\u0107e koji su ve\u0107 postali popularni kod modela iZi Modular i-Size, a koji omogu\u0107avaju udobnost i prilago\u0111avanje svakom djetetu pojedina\u010dno. Izra\u0111eni od mekanih, ali tako\u0111er potpornih materijala, jastu\u010di\u0107i manjoj djeci osiguravaju dodatnu pojastu\u010denost i stabilnost prilikom prijelaza iz prve autosjedalice za novoro\u0111en\u010de u ovu sjedalicu za ve\u0107u djecu. Napravljeni od dva dijela mogu se odvojeno izvaditi kako dijete odrasta, omogu\u0107avaju\u0107i roditeljima da u sjedalici iZi Turn i-Size prilagode polo\u017eaj sjedenja i pojasa optimalno svom djetetu. Unutarnje jastu\u010di\u0107e preporu\u010duje se izvaditi kad dijete ima otprilike dvije godine, ali mo\u017ee se ukloniti i ranije ili ostati du\u017ee, ovisno o djetetovom razvoju.<\/p>\n","protected":false},"excerpt":{"rendered":"<p>Fleksibilna rotacijska autosjedalica s Universal Level Technology\u2122<br \/>\nVisina: suprotan smjer 61-105 cm, smjer vo\u017enje 88-105 cm<br \/>\nMax. te\u017eina: 18 kg<br \/>\nDob: Pribl. 6 mj. do 4 god.<br \/>\nAtest: UN R129 (i-Size)<br \/>\nPostavljanje: ISOfix<br \/>\nSmjer: Suprotno od smjera vo\u017enje ili smjer vo\u017enje<br \/>\nDouble-layer-Safety \u2013 potporni jastu\u010di\u0107i<br \/>\nPrakti\u010dna i lagana za kori\u0161tenje<br \/>\nUniversal Level Technology\u2122 \u2013 prilagodba nagiba autosjedalice za maksimalnu udobnost<br \/>\nDynamic Force Absorber\u2122 \u2013 inovacija u za\u0161titi od bo\u010dnog udara<\/p>\n<p>*Napominjemo da je navedeni dobni raspon samo smjernica koja se temelji na prosje\u010dnim vrijednostima i ne ograni\u010dava niti jam\u010di vrijeme kori\u0161tenja<\/p>\n","protected":false},"featured_media":64346,"comment_status":"open","ping_status":"closed","template":"","meta":{"_acf_changed":false,"footnotes":""},"product_brand":[],"product_cat":[574,831],"product_tag":[],"class_list":{"0":"post-149578","1":"product","2":"type-product","3":"status-publish","4":"has-post-thumbnail","6":"product_cat-autosjedalice","7":"product_cat-mala-djeca-1-4-god","8":"pa_atest-ece-r129-i-size","9":"pa_boja-zelena","10":"pa_brand-besafe","11":"pa_nacin-postavljanja-isofix","12":"pa_visina-djeteta-od-61-do-105-cm","14":"first","15":"outofstock","16":"purchasable","17":"product-type-simple"},"bundled_by":[],"bundle_stock_status":"outofstock","bundle_stock_quantity":0,"bundle_virtual":false,"bundle_layout":"","bundle_add_to_cart_form_location":"","bundle_editable_in_cart":false,"bundle_sold_individually_context":"","bundle_item_grouping":"","bundle_min_size":"","bundle_max_size":"","bundle_price":[],"bundled_items":[],"bundle_sell_ids":[],"acf":[],"yoast_head":"<!-- This site is optimized with the Yoast SEO Premium plugin v21.5 (Yoast SEO v27.4) - https:\/\/yoast.com\/product\/yoast-seo-premium-wordpress\/ -->\n<title>BeSafe iZi Turn i-Size, Sea zelena - NajNaj.eu<\/title>\n<meta name=\"robots\" content=\"index, follow, max-snippet:-1, max-image-preview:large, max-video-preview:-1\" \/>\n<link rel=\"canonical\" href=\"https:\/\/najnaj.eu\/fr\/proizvod\/besafe-autosjedalica-izi-turn-i-sizesea-zelena\/\" \/>\n<meta property=\"og:locale\" content=\"fr_FR\" \/>\n<meta property=\"og:type\" content=\"article\" \/>\n<meta property=\"og:title\" content=\"BeSafe iZi Turn i-Size, Sea zelena\" \/>\n<meta property=\"og:description\" content=\"Fleksibilna rotacijska autosjedalica s Universal Level Technology\u2122 Visina: suprotan smjer 61-105 cm, smjer vo\u017enje 88-105 cm Max. te\u017eina: 18 kg Dob: Pribl. 6 mj. do 4 god. Atest: UN R129 (i-Size) Postavljanje: ISOfix Smjer: Suprotno od smjera vo\u017enje ili smjer vo\u017enje Double-layer-Safety \u2013 potporni jastu\u010di\u0107i Prakti\u010dna i lagana za kori\u0161tenje Universal Level Technology\u2122 \u2013 prilagodba nagiba autosjedalice za maksimalnu udobnost Dynamic Force Absorber\u2122 \u2013 inovacija u za\u0161titi od bo\u010dnog udara  *Napominjemo da je navedeni dobni raspon samo smjernica koja se temelji na prosje\u010dnim vrijednostima i ne ograni\u010dava niti jam\u010di vrijeme kori\u0161tenja\" \/>\n<meta property=\"og:url\" content=\"https:\/\/najnaj.eu\/fr\/proizvod\/besafe-autosjedalica-izi-turn-i-sizesea-zelena\/\" \/>\n<meta property=\"og:site_name\" content=\"NajNaj.eu\" \/>\n<meta property=\"article:publisher\" content=\"https:\/\/web.facebook.com\/najnaj.eu\/\" \/>\n<meta property=\"article:modified_time\" content=\"2026-04-15T00:13:11+00:00\" \/>\n<meta property=\"og:image\" content=\"https:\/\/najnaj.eu\/wp-content\/uploads\/2023\/08\/11007222_BeSafe-iZi-Turn-i-Size_Sea-Green-Melange_Right_SIP__Shadow.jpg\" \/>\n\t<meta property=\"og:image:width\" content=\"1080\" \/>\n\t<meta property=\"og:image:height\" content=\"1080\" \/>\n\t<meta property=\"og:image:type\" content=\"image\/png\" \/>\n<meta name=\"twitter:card\" content=\"summary_large_image\" \/>\n<meta name=\"twitter:label1\" content=\"Prix\" \/>\n\t<meta name=\"twitter:data1\" content=\"529,00&nbsp;&euro;\" \/>\n\t<meta name=\"twitter:label2\" content=\"Disponibilit\u00e9\" \/>\n\t<meta name=\"twitter:data2\" content=\"Rupture de stock\" \/>\n<script type=\"application\/ld+json\" class=\"yoast-schema-graph\">{\"@context\":\"https:\\\/\\\/schema.org\",\"@graph\":[{\"@type\":\"WebPage\",\"@id\":\"https:\\\/\\\/najnaj.eu\\\/fr\\\/proizvod\\\/besafe-autosjedalica-izi-turn-i-sizesea-zelena\\\/\",\"url\":\"https:\\\/\\\/najnaj.eu\\\/fr\\\/proizvod\\\/besafe-autosjedalica-izi-turn-i-sizesea-zelena\\\/\",\"name\":\"BeSafe iZi Turn i-Size, Sea zelena - NajNaj.eu\",\"isPartOf\":{\"@id\":\"https:\\\/\\\/najnaj.eu\\\/fr\\\/#website\"},\"primaryImageOfPage\":{\"@id\":\"https:\\\/\\\/najnaj.eu\\\/fr\\\/proizvod\\\/besafe-autosjedalica-izi-turn-i-sizesea-zelena\\\/#primaryimage\"},\"image\":{\"@id\":\"https:\\\/\\\/najnaj.eu\\\/fr\\\/proizvod\\\/besafe-autosjedalica-izi-turn-i-sizesea-zelena\\\/#primaryimage\"},\"thumbnailUrl\":\"https:\\\/\\\/najnaj.eu\\\/wp-content\\\/uploads\\\/2023\\\/08\\\/11007222_BeSafe-iZi-Turn-i-Size_Sea-Green-Melange_Right_SIP__Shadow.jpg\",\"datePublished\":\"2025-01-07T09:40:55+00:00\",\"dateModified\":\"2026-04-15T00:13:11+00:00\",\"breadcrumb\":{\"@id\":\"https:\\\/\\\/najnaj.eu\\\/fr\\\/proizvod\\\/besafe-autosjedalica-izi-turn-i-sizesea-zelena\\\/#breadcrumb\"},\"inLanguage\":\"fr-FR\",\"potentialAction\":[{\"@type\":\"ReadAction\",\"target\":[\"https:\\\/\\\/najnaj.eu\\\/fr\\\/proizvod\\\/besafe-autosjedalica-izi-turn-i-sizesea-zelena\\\/\"]}]},{\"@type\":\"ImageObject\",\"inLanguage\":\"fr-FR\",\"@id\":\"https:\\\/\\\/najnaj.eu\\\/fr\\\/proizvod\\\/besafe-autosjedalica-izi-turn-i-sizesea-zelena\\\/#primaryimage\",\"url\":\"https:\\\/\\\/najnaj.eu\\\/wp-content\\\/uploads\\\/2023\\\/08\\\/11007222_BeSafe-iZi-Turn-i-Size_Sea-Green-Melange_Right_SIP__Shadow.jpg\",\"contentUrl\":\"https:\\\/\\\/najnaj.eu\\\/wp-content\\\/uploads\\\/2023\\\/08\\\/11007222_BeSafe-iZi-Turn-i-Size_Sea-Green-Melange_Right_SIP__Shadow.jpg\",\"width\":1080,\"height\":1080,\"caption\":\"Zelena rotacijska sjedalica za bebu\"},{\"@type\":\"BreadcrumbList\",\"@id\":\"https:\\\/\\\/najnaj.eu\\\/fr\\\/proizvod\\\/besafe-autosjedalica-izi-turn-i-sizesea-zelena\\\/#breadcrumb\",\"itemListElement\":[{\"@type\":\"ListItem\",\"position\":1,\"name\":\"Po\u010detna stranica\",\"item\":\"https:\\\/\\\/najnaj.eu\\\/fr\\\/\"},{\"@type\":\"ListItem\",\"position\":2,\"name\":\"Trgovina\",\"item\":\"https:\\\/\\\/najnaj.hr\\\/trgovina\\\/\"},{\"@type\":\"ListItem\",\"position\":3,\"name\":\"BeSafe iZi Turn i-Size, Sea zelena\"}]},{\"@type\":\"WebSite\",\"@id\":\"https:\\\/\\\/najnaj.eu\\\/fr\\\/#website\",\"url\":\"https:\\\/\\\/najnaj.eu\\\/fr\\\/\",\"name\":\"NajNaj.eu\",\"description\":\"Za najva\u017enije!\",\"potentialAction\":[{\"@type\":\"SearchAction\",\"target\":{\"@type\":\"EntryPoint\",\"urlTemplate\":\"https:\\\/\\\/najnaj.eu\\\/fr\\\/?s={search_term_string}\"},\"query-input\":{\"@type\":\"PropertyValueSpecification\",\"valueRequired\":true,\"valueName\":\"search_term_string\"}}],\"inLanguage\":\"fr-FR\"}]}<\/script>\n<meta property=\"product:brand\" content=\"BeSafe\" \/>\n<meta property=\"product:price:amount\" content=\"529.00\" \/>\n<meta property=\"product:price:currency\" content=\"EUR\" \/>\n<meta property=\"og:availability\" content=\"out of stock\" \/>\n<meta property=\"product:availability\" content=\"out of stock\" \/>\n<meta property=\"product:retailer_item_id\" content=\"11007222-SeaGreenM\" \/>\n<meta property=\"product:condition\" content=\"new\" \/>\n<!-- \/ Yoast SEO Premium plugin. -->","yoast_head_json":{"title":"BeSafe iZi Turn i-Size, Sea zelena - NajNaj.eu","robots":{"index":"index","follow":"follow","max-snippet":"max-snippet:-1","max-image-preview":"max-image-preview:large","max-video-preview":"max-video-preview:-1"},"canonical":"https:\/\/najnaj.eu\/fr\/proizvod\/besafe-autosjedalica-izi-turn-i-sizesea-zelena\/","og_locale":"fr_FR","og_type":"article","og_title":"BeSafe iZi Turn i-Size, Sea zelena","og_description":"Fleksibilna rotacijska autosjedalica s Universal Level Technology\u2122 Visina: suprotan smjer 61-105 cm, smjer vo\u017enje 88-105 cm Max. te\u017eina: 18 kg Dob: Pribl. 6 mj. do 4 god. Atest: UN R129 (i-Size) Postavljanje: ISOfix Smjer: Suprotno od smjera vo\u017enje ili smjer vo\u017enje Double-layer-Safety \u2013 potporni jastu\u010di\u0107i Prakti\u010dna i lagana za kori\u0161tenje Universal Level Technology\u2122 \u2013 prilagodba nagiba autosjedalice za maksimalnu udobnost Dynamic Force Absorber\u2122 \u2013 inovacija u za\u0161titi od bo\u010dnog udara  *Napominjemo da je navedeni dobni raspon samo smjernica koja se temelji na prosje\u010dnim vrijednostima i ne ograni\u010dava niti jam\u010di vrijeme kori\u0161tenja","og_url":"https:\/\/najnaj.eu\/fr\/proizvod\/besafe-autosjedalica-izi-turn-i-sizesea-zelena\/","og_site_name":"NajNaj.eu","article_publisher":"https:\/\/web.facebook.com\/najnaj.eu\/","article_modified_time":"2026-04-15T00:13:11+00:00","og_image":[{"width":1080,"height":1080,"url":"https:\/\/najnaj.eu\/wp-content\/uploads\/2023\/08\/11007222_BeSafe-iZi-Turn-i-Size_Sea-Green-Melange_Right_SIP__Shadow.jpg","type":"image\/png"}],"twitter_card":"summary_large_image","twitter_misc":{"Prix":"529,00&nbsp;&euro;","Disponibilit\u00e9":"Rupture de stock"},"schema":{"@context":"https:\/\/schema.org","@graph":[{"@type":"WebPage","@id":"https:\/\/najnaj.eu\/fr\/proizvod\/besafe-autosjedalica-izi-turn-i-sizesea-zelena\/","url":"https:\/\/najnaj.eu\/fr\/proizvod\/besafe-autosjedalica-izi-turn-i-sizesea-zelena\/","name":"BeSafe iZi Turn i-Size, Sea zelena - NajNaj.eu","isPartOf":{"@id":"https:\/\/najnaj.eu\/fr\/#website"},"primaryImageOfPage":{"@id":"https:\/\/najnaj.eu\/fr\/proizvod\/besafe-autosjedalica-izi-turn-i-sizesea-zelena\/#primaryimage"},"image":{"@id":"https:\/\/najnaj.eu\/fr\/proizvod\/besafe-autosjedalica-izi-turn-i-sizesea-zelena\/#primaryimage"},"thumbnailUrl":"https:\/\/najnaj.eu\/wp-content\/uploads\/2023\/08\/11007222_BeSafe-iZi-Turn-i-Size_Sea-Green-Melange_Right_SIP__Shadow.jpg","datePublished":"2025-01-07T09:40:55+00:00","dateModified":"2026-04-15T00:13:11+00:00","breadcrumb":{"@id":"https:\/\/najnaj.eu\/fr\/proizvod\/besafe-autosjedalica-izi-turn-i-sizesea-zelena\/#breadcrumb"},"inLanguage":"fr-FR","potentialAction":[{"@type":"ReadAction","target":["https:\/\/najnaj.eu\/fr\/proizvod\/besafe-autosjedalica-izi-turn-i-sizesea-zelena\/"]}]},{"@type":"ImageObject","inLanguage":"fr-FR","@id":"https:\/\/najnaj.eu\/fr\/proizvod\/besafe-autosjedalica-izi-turn-i-sizesea-zelena\/#primaryimage","url":"https:\/\/najnaj.eu\/wp-content\/uploads\/2023\/08\/11007222_BeSafe-iZi-Turn-i-Size_Sea-Green-Melange_Right_SIP__Shadow.jpg","contentUrl":"https:\/\/najnaj.eu\/wp-content\/uploads\/2023\/08\/11007222_BeSafe-iZi-Turn-i-Size_Sea-Green-Melange_Right_SIP__Shadow.jpg","width":1080,"height":1080,"caption":"Zelena rotacijska sjedalica za bebu"},{"@type":"BreadcrumbList","@id":"https:\/\/najnaj.eu\/fr\/proizvod\/besafe-autosjedalica-izi-turn-i-sizesea-zelena\/#breadcrumb","itemListElement":[{"@type":"ListItem","position":1,"name":"Po\u010detna stranica","item":"https:\/\/najnaj.eu\/fr\/"},{"@type":"ListItem","position":2,"name":"Trgovina","item":"https:\/\/najnaj.hr\/trgovina\/"},{"@type":"ListItem","position":3,"name":"BeSafe iZi Turn i-Size, Sea zelena"}]},{"@type":"WebSite","@id":"https:\/\/najnaj.eu\/fr\/#website","url":"https:\/\/najnaj.eu\/fr\/","name":"NajNaj.eu","description":"Za najva\u017enije!","potentialAction":[{"@type":"SearchAction","target":{"@type":"EntryPoint","urlTemplate":"https:\/\/najnaj.eu\/fr\/?s={search_term_string}"},"query-input":{"@type":"PropertyValueSpecification","valueRequired":true,"valueName":"search_term_string"}}],"inLanguage":"fr-FR"}]},"product_brand":"BeSafe","product_price_amount":"529.00","product_price_currency":"EUR","og_availability":"out of stock","product_availability":"out of stock","product_retailer_item_id":"11007222-SeaGreenM","product_condition":"new"},"_links":{"self":[{"href":"https:\/\/najnaj.eu\/fr\/wp-json\/wp\/v2\/product\/149578","targetHints":{"allow":["GET"]}}],"collection":[{"href":"https:\/\/najnaj.eu\/fr\/wp-json\/wp\/v2\/product"}],"about":[{"href":"https:\/\/najnaj.eu\/fr\/wp-json\/wp\/v2\/types\/product"}],"replies":[{"embeddable":true,"href":"https:\/\/najnaj.eu\/fr\/wp-json\/wp\/v2\/comments?post=149578"}],"version-history":[{"count":0,"href":"https:\/\/najnaj.eu\/fr\/wp-json\/wp\/v2\/product\/149578\/revisions"}],"wp:featuredmedia":[{"embeddable":true,"href":"https:\/\/najnaj.eu\/fr\/wp-json\/wp\/v2\/media\/64346"}],"wp:attachment":[{"href":"https:\/\/najnaj.eu\/fr\/wp-json\/wp\/v2\/media?parent=149578"}],"wp:term":[{"taxonomy":"product_brand","embeddable":true,"href":"https:\/\/najnaj.eu\/fr\/wp-json\/wp\/v2\/product_brand?post=149578"},{"taxonomy":"product_cat","embeddable":true,"href":"https:\/\/najnaj.eu\/fr\/wp-json\/wp\/v2\/product_cat?post=149578"},{"taxonomy":"product_tag","embeddable":true,"href":"https:\/\/najnaj.eu\/fr\/wp-json\/wp\/v2\/product_tag?post=149578"}],"curies":[{"name":"wp","href":"https:\/\/api.w.org\/{rel}","templated":true}]}}