{"id":149549,"date":"2025-10-01T08:50:41","date_gmt":"2025-10-01T06:50:41","guid":{"rendered":"https:\/\/najnaj.hr\/proizvod\/aeromoov-putni-krevetic-sivi\/"},"modified":"2026-02-03T20:31:12","modified_gmt":"2026-02-03T19:31:12","slug":"aeromoov-putni-krevetic-sivi","status":"publish","type":"product","link":"https:\/\/najnaj.eu\/fr\/proizvod\/aeromoov-putni-krevetic-sivi\/","title":{"rendered":"AeroMoov Putni kreveti\u0107 &#8211; sivi"},"content":{"rendered":"<p><strong><b>Lako rasklapanje i sklapanje u samo <\/b><\/strong><strong><b>2 <\/b><\/strong><strong><b>sekunde<\/b><\/strong><strong><b><br \/>\n<\/b><\/strong>AeroMoov putni kreveti\u0107 mo\u017ee se postaviti i sklopiti za nekoliko sekundi! Lako je jer se kreveti\u0107 sam rasklapa &#8211; dovoljno je samo ra\u0161iriti ga. Za razliku od te\u0161kih putnih kreveti\u0107a, AeroMoov ne zahtijeva \u00a0fizi\u010dko naprezanje.<\/p>\n<p><strong><b>L<\/b><\/strong><strong><b>agan<\/b><\/strong><br \/>\nAeroMoov putni kreveti\u0107 te\u017ei\u00a0manje od 5 kg. \u00a0Ovaj putni kreveti\u0107 lagan je, prakti\u010dan i lako se pakira u prikladnu torbu za no\u0161enje\u00a0\u0161to zna\u010di da ga mo\u017eete ponijeti bilo kuda. \u010cak i stariji brat ili sestra ga\u00a0lako mogu nositi\u00a0te (ra)sklopiti.<\/p>\n<p><img loading=\"lazy\" decoding=\"async\" class=\"size-medium wp-image-207983 aligncenter\" src=\"https:\/\/najnaj.eu\/wp-content\/uploads\/2020\/03\/2-300x300.webp\" alt=\"\" width=\"300\" height=\"300\" srcset=\"https:\/\/najnaj.eu\/wp-content\/uploads\/2020\/03\/2-300x300.webp 300w, https:\/\/najnaj.eu\/wp-content\/uploads\/2020\/03\/2-324x324.webp 324w, https:\/\/najnaj.eu\/wp-content\/uploads\/2020\/03\/2-100x100.webp 100w, https:\/\/najnaj.eu\/wp-content\/uploads\/2020\/03\/2-150x150.webp 150w, https:\/\/najnaj.eu\/wp-content\/uploads\/2020\/03\/2-420x420.webp 420w, https:\/\/najnaj.eu\/wp-content\/uploads\/2020\/03\/2-50x50.webp 50w, https:\/\/najnaj.eu\/wp-content\/uploads\/2020\/03\/2.webp 640w\" sizes=\"auto, (max-width: 300px) 100vw, 300px\" \/><\/p>\n<p><strong><b>Kvalitetan madrac za optimalnu udobnost <\/b><\/strong><strong><b><br \/>\n<\/b><\/strong>AeroMoov\u00a0putni kreveti\u0107 ima \u010dvrsti madrac od PU pjene debljine 3 cm\u00a0\u0161to osigurava dobru potporu le\u0111a.<\/p>\n<p>Putni kreveti\u0107 zadovoljava najstro\u017ee sigurnosne standarde za bebe EN716-1-2008 i\u00a0A1-2013.<\/p>\n<p>Pripadaju\u0107a plahta za madrac prodaje se zasebno.<\/p>\n<p><img loading=\"lazy\" decoding=\"async\" class=\"size-medium wp-image-207973 aligncenter\" src=\"https:\/\/najnaj.eu\/wp-content\/uploads\/2020\/03\/4-300x300.webp\" alt=\"\" width=\"300\" height=\"300\" srcset=\"https:\/\/najnaj.eu\/wp-content\/uploads\/2020\/03\/4-300x300.webp 300w, https:\/\/najnaj.eu\/wp-content\/uploads\/2020\/03\/4-324x324.webp 324w, https:\/\/najnaj.eu\/wp-content\/uploads\/2020\/03\/4-100x100.webp 100w, https:\/\/najnaj.eu\/wp-content\/uploads\/2020\/03\/4-150x150.webp 150w, https:\/\/najnaj.eu\/wp-content\/uploads\/2020\/03\/4-420x420.webp 420w, https:\/\/najnaj.eu\/wp-content\/uploads\/2020\/03\/4-50x50.webp 50w, https:\/\/najnaj.eu\/wp-content\/uploads\/2020\/03\/4.webp 640w\" sizes=\"auto, (max-width: 300px) 100vw, 300px\" \/><\/p>\n<p><strong><b>2 razine za novoro\u0111en\u010dad i dje<\/b><\/strong><strong><b>cu<\/b><\/strong><br \/>\nAeroMoov putni kreveti\u0107 ima dvije razine: nisku i srednju razinu.\u00a0Lak\u0161e dostupna srednja razina \u00a0namijenjena je novoro\u0111en\u010dadi do 2. mjeseca starosti. Ona smanjuje saginjanje kod podizanja bebe iz kreveti\u0107a. Razina madraca lako se prilago\u0111ava. Kad dijete mo\u017ee uspravno sjediti ili te\u017ei vi\u0161e od 6 kg, vrijeme je da prije\u0111ete na ni\u017eu razinu.<\/p>\n<p>&nbsp;<\/p>\n<p>Va\u0161e dijete uvijek \u0107e se sigurno igrati i spavati. Dimenzije madraca su 110x60cm. Stoga se ni\u017ea razina mo\u017ee sigurno koristiti sve dok dijete ne uspije samostalno iza\u0107i iz kreveti\u0107a.<\/p>\n<p>Jo\u0161 jedna pametna zna\u010dajka su dva utora za Va\u0161e noge ispod kreveti\u0107a koji \u0107e pru\u017eiti dodatnu potporu prilikom podizanja djeteta iz kreveti\u0107a.<\/p>\n<p><img loading=\"lazy\" decoding=\"async\" class=\"size-medium wp-image-207978 aligncenter\" src=\"https:\/\/najnaj.eu\/wp-content\/uploads\/2020\/03\/3-300x300.webp\" alt=\"\" width=\"300\" height=\"300\" srcset=\"https:\/\/najnaj.eu\/wp-content\/uploads\/2020\/03\/3-300x300.webp 300w, https:\/\/najnaj.eu\/wp-content\/uploads\/2020\/03\/3-324x324.webp 324w, https:\/\/najnaj.eu\/wp-content\/uploads\/2020\/03\/3-100x100.webp 100w, https:\/\/najnaj.eu\/wp-content\/uploads\/2020\/03\/3-150x150.webp 150w, https:\/\/najnaj.eu\/wp-content\/uploads\/2020\/03\/3-420x420.webp 420w, https:\/\/najnaj.eu\/wp-content\/uploads\/2020\/03\/3-50x50.webp 50w, https:\/\/najnaj.eu\/wp-content\/uploads\/2020\/03\/3.webp 640w\" sizes=\"auto, (max-width: 300px) 100vw, 300px\" \/><\/p>\n<p><strong><b>Kompaktnost<\/b><\/strong><br \/>\nAeromoov putni kreveti\u0107 vrlo se kompaktno sklapa te se jednostavno pohranjuje u elegantnu i tanku torbu za no\u0161enje. Putni kreveti\u0107 mo\u017eete spremiti u naju\u017ee prostore: pored ormara, ispod stepenica ili na bilo koje mjesto koje mo\u017eete prona\u0107i.<\/p>\n<p>Naravno, lagan putni kreveti\u0107 savr\u0161en je za putovanja i automobil.<\/p>\n<p><strong><b>\u00a0Za unutarnje i vanjske prostore<\/b><\/strong><strong><b><br \/>\n<\/b><\/strong>Kod ku\u0107e ga mo\u017eete koristiti u vrtu, na balkonu, u dnevnom boravku, kuhinji, spava\u0107oj sobi ili uredu. U kratkom vremenu mo\u017eete stvoriti savr\u0161eno okru\u017eenje za igru ili spavanje.\u00a0A no\u0107enje kod bake i djeda ili posjet prijateljima?\u00a0Putni kreveti\u0107 lako je ponijeti sa sobom, a Va\u0161em \u0107e djetetu omogu\u0107iti ugodno spavanje gdje god da jeste.<\/p>\n<p>Izvrstan je za odmor i pla\u017eu: zahvaljuju\u0107i mre\u017eastim stranicama mo\u017eete neprestano paziti na svoje dijete dok se igra i spava.<\/p>\n<p><img loading=\"lazy\" decoding=\"async\" class=\"size-medium wp-image-207988 aligncenter\" src=\"https:\/\/najnaj.eu\/wp-content\/uploads\/2020\/03\/1-300x300.webp\" alt=\"\" width=\"300\" height=\"300\" srcset=\"https:\/\/najnaj.eu\/wp-content\/uploads\/2020\/03\/1-300x300.webp 300w, https:\/\/najnaj.eu\/wp-content\/uploads\/2020\/03\/1-324x324.webp 324w, https:\/\/najnaj.eu\/wp-content\/uploads\/2020\/03\/1-100x100.webp 100w, https:\/\/najnaj.eu\/wp-content\/uploads\/2020\/03\/1-150x150.webp 150w, https:\/\/najnaj.eu\/wp-content\/uploads\/2020\/03\/1-420x420.webp 420w, https:\/\/najnaj.eu\/wp-content\/uploads\/2020\/03\/1-50x50.webp 50w, https:\/\/najnaj.eu\/wp-content\/uploads\/2020\/03\/1.webp 640w\" sizes=\"auto, (max-width: 300px) 100vw, 300px\" \/><\/p>\n<p>Otrkijte i dodatke za AeroMoov putni kreveti\u0107! Kako bi kori\u0161tenje AeroMoov putnog kreveti\u0107a bilo jo\u0161 bolje, dostupni su Vam dodaci: Krovi\u0107 za za\u0161titu od sunca, mre\u017ea protiv kukaca, plahta i za\u0161tita za madrac koji se prodaju zasebno.<\/p>\n","protected":false},"excerpt":{"rendered":"<p>Rasklapanje i sklapanje AeroMoov putnog kreveti\u0107a traje samo nekoliko sekundi. Dizajniran kako bi bio siguran i stabilan, ali i izuzetno lagan. AeroMoov putni kreveti\u0107 svestrani\u00a0je\u00a0kreveti\u0107 koji se mo\u017ee koristiti svugdje. Gdje god Vas putovanje vodi, Va\u0161e dijete uvijek ima idealno mjesto za igru i spavanje.<\/p>\n<ul>\n<li>Lako rasklapanje i sklapanje u <strong><b>samo <\/b><\/strong><strong><b>2 <\/b><\/strong><strong><b>sekunde<\/b><\/strong><\/li>\n<li><b><\/b><strong><b>L<\/b><\/strong><strong><b>agan i \u010dvrst, <\/b><\/strong>te\u017ei manje od 5 kg<\/li>\n<li><b><\/b><strong><b>\u010c<\/b><\/strong><strong><b>vrst madrac od PU pjene <\/b><\/strong><\/li>\n<li>Dvije razine spavanja: ni\u017ea isrednja razina za bebe do 2 mjeseca<\/li>\n<li>Zadovoljava <strong><b>najvi\u0161<\/b><\/strong><strong><b>e <\/b><\/strong><strong><b>sigurnosn<\/b><\/strong><strong><b>e <\/b><\/strong><strong><b>standard<\/b><\/strong><strong><b>e<\/b><\/strong><\/li>\n<\/ul>\n","protected":false},"featured_media":62108,"comment_status":"open","ping_status":"closed","template":"","meta":{"_acf_changed":false,"footnotes":""},"product_brand":[],"product_cat":[666,667,580],"product_tag":[2272],"class_list":{"0":"post-149549","1":"product","2":"type-product","3":"status-publish","4":"has-post-thumbnail","6":"product_cat-djecja-soba","7":"product_cat-djecja-sobica","8":"product_cat-putni-krevetici","9":"product_tag-ljeto","10":"pa_brand-aeromoov","12":"first","13":"instock","14":"purchasable","15":"product-type-simple"},"bundled_by":[],"bundle_stock_status":"instock","bundle_stock_quantity":11,"bundle_virtual":false,"bundle_layout":"","bundle_add_to_cart_form_location":"","bundle_editable_in_cart":false,"bundle_sold_individually_context":"","bundle_item_grouping":"","bundle_min_size":"","bundle_max_size":"","bundle_price":[],"bundled_items":[],"bundle_sell_ids":[],"acf":[],"yoast_head":"<!-- This site is optimized with the Yoast SEO Premium plugin v21.5 (Yoast SEO v27.4) - https:\/\/yoast.com\/product\/yoast-seo-premium-wordpress\/ -->\n<title>AeroMoov Putni kreveti\u0107 - sivi - NajNaj.eu<\/title>\n<meta name=\"robots\" content=\"index, follow, max-snippet:-1, max-image-preview:large, max-video-preview:-1\" \/>\n<link rel=\"canonical\" href=\"https:\/\/najnaj.eu\/fr\/proizvod\/aeromoov-putni-krevetic-sivi\/\" \/>\n<meta property=\"og:locale\" content=\"fr_FR\" \/>\n<meta property=\"og:type\" content=\"article\" \/>\n<meta property=\"og:title\" content=\"AeroMoov Putni kreveti\u0107 - sivi\" \/>\n<meta property=\"og:description\" content=\"Rasklapanje i sklapanje AeroMoov putnog kreveti\u0107a traje samo nekoliko sekundi. Dizajniran kako bi bio siguran i stabilan, ali i izuzetno lagan. AeroMoov putni kreveti\u0107 svestrani\u00a0je\u00a0kreveti\u0107 koji se mo\u017ee koristiti svugdje. Gdje god Vas putovanje vodi, Va\u0161e dijete uvijek ima idealno mjesto za igru i spavanje.   Lako rasklapanje i sklapanje u samo 2 sekunde  Lagan i \u010dvrst, te\u017ei manje od 5 kg  \u010cvrst madrac od PU pjene   Dvije razine spavanja: ni\u017ea isrednja razina za bebe do 2 mjeseca  Zadovoljava najvi\u0161e sigurnosne standarde\" \/>\n<meta property=\"og:url\" content=\"https:\/\/najnaj.eu\/fr\/proizvod\/aeromoov-putni-krevetic-sivi\/\" \/>\n<meta property=\"og:site_name\" content=\"NajNaj.eu\" \/>\n<meta property=\"article:publisher\" content=\"https:\/\/web.facebook.com\/najnaj.eu\/\" \/>\n<meta property=\"article:modified_time\" content=\"2026-02-03T19:31:12+00:00\" \/>\n<meta property=\"og:image\" content=\"https:\/\/najnaj.eu\/wp-content\/uploads\/2023\/08\/AEROMOOV-ATC11060-GR-bassinet-Large.jpg\" \/>\n\t<meta property=\"og:image:width\" content=\"1620\" \/>\n\t<meta property=\"og:image:height\" content=\"1080\" \/>\n\t<meta property=\"og:image:type\" content=\"image\/jpeg\" \/>\n<meta name=\"twitter:card\" content=\"summary_large_image\" \/>\n<meta name=\"twitter:label1\" content=\"Prix\" \/>\n\t<meta name=\"twitter:data1\" content=\"199,00&nbsp;&euro;\" \/>\n\t<meta name=\"twitter:label2\" content=\"Disponibilit\u00e9\" \/>\n\t<meta name=\"twitter:data2\" content=\"En stock\" \/>\n<script type=\"application\/ld+json\" class=\"yoast-schema-graph\">{\"@context\":\"https:\\\/\\\/schema.org\",\"@graph\":[{\"@type\":\"WebPage\",\"@id\":\"https:\\\/\\\/najnaj.eu\\\/fr\\\/proizvod\\\/aeromoov-putni-krevetic-sivi\\\/\",\"url\":\"https:\\\/\\\/najnaj.eu\\\/fr\\\/proizvod\\\/aeromoov-putni-krevetic-sivi\\\/\",\"name\":\"AeroMoov Putni kreveti\u0107 - sivi - NajNaj.eu\",\"isPartOf\":{\"@id\":\"https:\\\/\\\/najnaj.eu\\\/fr\\\/#website\"},\"primaryImageOfPage\":{\"@id\":\"https:\\\/\\\/najnaj.eu\\\/fr\\\/proizvod\\\/aeromoov-putni-krevetic-sivi\\\/#primaryimage\"},\"image\":{\"@id\":\"https:\\\/\\\/najnaj.eu\\\/fr\\\/proizvod\\\/aeromoov-putni-krevetic-sivi\\\/#primaryimage\"},\"thumbnailUrl\":\"https:\\\/\\\/najnaj.eu\\\/wp-content\\\/uploads\\\/2023\\\/08\\\/AEROMOOV-ATC11060-GR-bassinet-Large.jpg\",\"datePublished\":\"2025-10-01T06:50:41+00:00\",\"dateModified\":\"2026-02-03T19:31:12+00:00\",\"breadcrumb\":{\"@id\":\"https:\\\/\\\/najnaj.eu\\\/fr\\\/proizvod\\\/aeromoov-putni-krevetic-sivi\\\/#breadcrumb\"},\"inLanguage\":\"fr-FR\",\"potentialAction\":[{\"@type\":\"ReadAction\",\"target\":[\"https:\\\/\\\/najnaj.eu\\\/fr\\\/proizvod\\\/aeromoov-putni-krevetic-sivi\\\/\"]}]},{\"@type\":\"ImageObject\",\"inLanguage\":\"fr-FR\",\"@id\":\"https:\\\/\\\/najnaj.eu\\\/fr\\\/proizvod\\\/aeromoov-putni-krevetic-sivi\\\/#primaryimage\",\"url\":\"https:\\\/\\\/najnaj.eu\\\/wp-content\\\/uploads\\\/2023\\\/08\\\/AEROMOOV-ATC11060-GR-bassinet-Large.jpg\",\"contentUrl\":\"https:\\\/\\\/najnaj.eu\\\/wp-content\\\/uploads\\\/2023\\\/08\\\/AEROMOOV-ATC11060-GR-bassinet-Large.jpg\",\"width\":1620,\"height\":1080},{\"@type\":\"BreadcrumbList\",\"@id\":\"https:\\\/\\\/najnaj.eu\\\/fr\\\/proizvod\\\/aeromoov-putni-krevetic-sivi\\\/#breadcrumb\",\"itemListElement\":[{\"@type\":\"ListItem\",\"position\":1,\"name\":\"Po\u010detna stranica\",\"item\":\"https:\\\/\\\/najnaj.eu\\\/fr\\\/\"},{\"@type\":\"ListItem\",\"position\":2,\"name\":\"Trgovina\",\"item\":\"https:\\\/\\\/najnaj.hr\\\/trgovina\\\/\"},{\"@type\":\"ListItem\",\"position\":3,\"name\":\"AeroMoov Putni kreveti\u0107 &#8211; sivi\"}]},{\"@type\":\"WebSite\",\"@id\":\"https:\\\/\\\/najnaj.eu\\\/fr\\\/#website\",\"url\":\"https:\\\/\\\/najnaj.eu\\\/fr\\\/\",\"name\":\"NajNaj.eu\",\"description\":\"Za najva\u017enije!\",\"potentialAction\":[{\"@type\":\"SearchAction\",\"target\":{\"@type\":\"EntryPoint\",\"urlTemplate\":\"https:\\\/\\\/najnaj.eu\\\/fr\\\/?s={search_term_string}\"},\"query-input\":{\"@type\":\"PropertyValueSpecification\",\"valueRequired\":true,\"valueName\":\"search_term_string\"}}],\"inLanguage\":\"fr-FR\"}]}<\/script>\n<meta property=\"product:brand\" content=\"AeroMoov\" \/>\n<meta property=\"product:price:amount\" content=\"199.00\" \/>\n<meta property=\"product:price:currency\" content=\"EUR\" \/>\n<meta property=\"og:availability\" content=\"instock\" \/>\n<meta property=\"product:availability\" content=\"instock\" \/>\n<meta property=\"product:retailer_item_id\" content=\"ATC11060-GR\" \/>\n<meta property=\"product:condition\" content=\"new\" \/>\n<!-- \/ Yoast SEO Premium plugin. -->","yoast_head_json":{"title":"AeroMoov Putni kreveti\u0107 - sivi - NajNaj.eu","robots":{"index":"index","follow":"follow","max-snippet":"max-snippet:-1","max-image-preview":"max-image-preview:large","max-video-preview":"max-video-preview:-1"},"canonical":"https:\/\/najnaj.eu\/fr\/proizvod\/aeromoov-putni-krevetic-sivi\/","og_locale":"fr_FR","og_type":"article","og_title":"AeroMoov Putni kreveti\u0107 - sivi","og_description":"Rasklapanje i sklapanje AeroMoov putnog kreveti\u0107a traje samo nekoliko sekundi. Dizajniran kako bi bio siguran i stabilan, ali i izuzetno lagan. AeroMoov putni kreveti\u0107 svestrani\u00a0je\u00a0kreveti\u0107 koji se mo\u017ee koristiti svugdje. Gdje god Vas putovanje vodi, Va\u0161e dijete uvijek ima idealno mjesto za igru i spavanje.   Lako rasklapanje i sklapanje u samo 2 sekunde  Lagan i \u010dvrst, te\u017ei manje od 5 kg  \u010cvrst madrac od PU pjene   Dvije razine spavanja: ni\u017ea isrednja razina za bebe do 2 mjeseca  Zadovoljava najvi\u0161e sigurnosne standarde","og_url":"https:\/\/najnaj.eu\/fr\/proizvod\/aeromoov-putni-krevetic-sivi\/","og_site_name":"NajNaj.eu","article_publisher":"https:\/\/web.facebook.com\/najnaj.eu\/","article_modified_time":"2026-02-03T19:31:12+00:00","og_image":[{"width":1620,"height":1080,"url":"https:\/\/najnaj.eu\/wp-content\/uploads\/2023\/08\/AEROMOOV-ATC11060-GR-bassinet-Large.jpg","type":"image\/jpeg"}],"twitter_card":"summary_large_image","twitter_misc":{"Prix":"199,00&nbsp;&euro;","Disponibilit\u00e9":"En stock"},"schema":{"@context":"https:\/\/schema.org","@graph":[{"@type":"WebPage","@id":"https:\/\/najnaj.eu\/fr\/proizvod\/aeromoov-putni-krevetic-sivi\/","url":"https:\/\/najnaj.eu\/fr\/proizvod\/aeromoov-putni-krevetic-sivi\/","name":"AeroMoov Putni kreveti\u0107 - sivi - NajNaj.eu","isPartOf":{"@id":"https:\/\/najnaj.eu\/fr\/#website"},"primaryImageOfPage":{"@id":"https:\/\/najnaj.eu\/fr\/proizvod\/aeromoov-putni-krevetic-sivi\/#primaryimage"},"image":{"@id":"https:\/\/najnaj.eu\/fr\/proizvod\/aeromoov-putni-krevetic-sivi\/#primaryimage"},"thumbnailUrl":"https:\/\/najnaj.eu\/wp-content\/uploads\/2023\/08\/AEROMOOV-ATC11060-GR-bassinet-Large.jpg","datePublished":"2025-10-01T06:50:41+00:00","dateModified":"2026-02-03T19:31:12+00:00","breadcrumb":{"@id":"https:\/\/najnaj.eu\/fr\/proizvod\/aeromoov-putni-krevetic-sivi\/#breadcrumb"},"inLanguage":"fr-FR","potentialAction":[{"@type":"ReadAction","target":["https:\/\/najnaj.eu\/fr\/proizvod\/aeromoov-putni-krevetic-sivi\/"]}]},{"@type":"ImageObject","inLanguage":"fr-FR","@id":"https:\/\/najnaj.eu\/fr\/proizvod\/aeromoov-putni-krevetic-sivi\/#primaryimage","url":"https:\/\/najnaj.eu\/wp-content\/uploads\/2023\/08\/AEROMOOV-ATC11060-GR-bassinet-Large.jpg","contentUrl":"https:\/\/najnaj.eu\/wp-content\/uploads\/2023\/08\/AEROMOOV-ATC11060-GR-bassinet-Large.jpg","width":1620,"height":1080},{"@type":"BreadcrumbList","@id":"https:\/\/najnaj.eu\/fr\/proizvod\/aeromoov-putni-krevetic-sivi\/#breadcrumb","itemListElement":[{"@type":"ListItem","position":1,"name":"Po\u010detna stranica","item":"https:\/\/najnaj.eu\/fr\/"},{"@type":"ListItem","position":2,"name":"Trgovina","item":"https:\/\/najnaj.hr\/trgovina\/"},{"@type":"ListItem","position":3,"name":"AeroMoov Putni kreveti\u0107 &#8211; sivi"}]},{"@type":"WebSite","@id":"https:\/\/najnaj.eu\/fr\/#website","url":"https:\/\/najnaj.eu\/fr\/","name":"NajNaj.eu","description":"Za najva\u017enije!","potentialAction":[{"@type":"SearchAction","target":{"@type":"EntryPoint","urlTemplate":"https:\/\/najnaj.eu\/fr\/?s={search_term_string}"},"query-input":{"@type":"PropertyValueSpecification","valueRequired":true,"valueName":"search_term_string"}}],"inLanguage":"fr-FR"}]},"product_brand":"AeroMoov","product_price_amount":"199.00","product_price_currency":"EUR","og_availability":"instock","product_availability":"instock","product_retailer_item_id":"ATC11060-GR","product_condition":"new"},"_links":{"self":[{"href":"https:\/\/najnaj.eu\/fr\/wp-json\/wp\/v2\/product\/149549","targetHints":{"allow":["GET"]}}],"collection":[{"href":"https:\/\/najnaj.eu\/fr\/wp-json\/wp\/v2\/product"}],"about":[{"href":"https:\/\/najnaj.eu\/fr\/wp-json\/wp\/v2\/types\/product"}],"replies":[{"embeddable":true,"href":"https:\/\/najnaj.eu\/fr\/wp-json\/wp\/v2\/comments?post=149549"}],"version-history":[{"count":0,"href":"https:\/\/najnaj.eu\/fr\/wp-json\/wp\/v2\/product\/149549\/revisions"}],"wp:featuredmedia":[{"embeddable":true,"href":"https:\/\/najnaj.eu\/fr\/wp-json\/wp\/v2\/media\/62108"}],"wp:attachment":[{"href":"https:\/\/najnaj.eu\/fr\/wp-json\/wp\/v2\/media?parent=149549"}],"wp:term":[{"taxonomy":"product_brand","embeddable":true,"href":"https:\/\/najnaj.eu\/fr\/wp-json\/wp\/v2\/product_brand?post=149549"},{"taxonomy":"product_cat","embeddable":true,"href":"https:\/\/najnaj.eu\/fr\/wp-json\/wp\/v2\/product_cat?post=149549"},{"taxonomy":"product_tag","embeddable":true,"href":"https:\/\/najnaj.eu\/fr\/wp-json\/wp\/v2\/product_tag?post=149549"}],"curies":[{"name":"wp","href":"https:\/\/api.w.org\/{rel}","templated":true}]}}