{"id":149480,"date":"2017-11-02T23:00:00","date_gmt":"2017-11-02T22:00:00","guid":{"rendered":"https:\/\/najnaj.hr\/proizvod\/izi-modular-i-size-baza\/"},"modified":"2025-12-05T14:48:07","modified_gmt":"2025-12-05T13:48:07","slug":"izi-modular-i-size-baza","status":"publish","type":"product","link":"https:\/\/najnaj.eu\/fr\/proizvod\/izi-modular-i-size-baza\/","title":{"rendered":"BeSafe iZi Modular i-Size, ISOfix baza"},"content":{"rendered":"<p>Jedna baza od 40 do 105 cm (0-4 godine)<\/p>\n<p>BeSafe iZi Go Modular i-Size baza dio je BeSafe-ovog inovativnog sustava sigurnosti: <strong>iZi Modular<\/strong>. Taj sustav pru\u017ea rje\u0161enje na principu 3u1 za djecu od ro\u0111enja do 4 godine starosti.<br \/>\nSustav se sastoji od ISOfix baze, te pripadaju\u0107ih autosjedalica koje se postavljaju na bazu: autosjedalice za novoro\u0111en\u010de BeSafe iZi Go Modular i-Size (za djecu od 40 do 75 cm visine, odnosno dobi od otprilike 0 do 12 mjeseci) i autosjedalice za ve\u0107u djecu BeSafe iZi Modular i-Size (za djecu od 61 do 105 cm visine, odnosno dobi od otprilike 6 mjeseci do 4 godine).<\/p>\n<p>BeSafe iZi Go Modular i-Size uvijek se u automobil postavlja u smjeru suprotnom od smjera vo\u017enje, a autosjedalica za ve\u0107u djecu BeSafe iZi Modular i-Size za djecu od 61 do 105 cm visine mo\u017ee se koristiti u smjeru suprotnom od smjera vo\u017enje, a za djecu od 88 do 105 cm mo\u017ee se postaviti i u smjer vo\u017enje.<\/p>\n<p>&nbsp;<\/p>\n<p>BRZO I JEDNOSTAVNO POSTAVLJANJE U AUTOMOBIL<\/p>\n<p>Modularna ISOfix baza omogu\u0107ava jednostavno postavljanje u automobil.<br \/>\nBeSafe iZi Modular i-Size ISOfix baza ima prilagodljive ISOfix ru\u010dice pomo\u0107u kojih se baza mo\u017ee udaljiti ili pribli\u017eiti naslonu automobilskog sjedala, te se tako mo\u017ee pove\u0107ati prostor za noge djeteta ili napraviti vi\u0161e mjesta u automobilu. Baza ima indikatore u boji i zvu\u010dne indikatore koji osiguravaju ispravno postavljanje, te je sigurnost i prakti\u010dnost u sredi\u0161tu pa\u017enje.<\/p>\n<p>Prednji oslonac je uklju\u010den uz autosjedalicu za ve\u0107e dijete i mora se umetnuti u bazu u za to predvi\u0111eni dio kada se baza koristi s Modular autosjedalicom (61-105 cm).<\/p>\n<p>&nbsp;<\/p>\n<p>REGULATIVA UN R129 (I-SIZE)<\/p>\n<p>Cijeli sustav sigurnosti iZi Modular i-Size odobren je u skladu s najstro\u017eim i najnovijim propisima za dje\u010dje autosjedalice \u2013 UN R129 (i-Size).<\/p>\n<p>Obje autosjedalice \u2013 za bebe i za ve\u0107u djecu, jednostavno se jednim klikom postavljaju i skidaju s baze.<\/p>\n<p>&nbsp;<\/p>\n<p>&nbsp;<\/p>\n","protected":false},"excerpt":{"rendered":"<p><strong>iZi Modular &#8211; Tri u jedan<\/strong><br \/>\niZi Modular i-Size baza je kompatibilna s obje Modular autosjedalice:<strong> iZi Go Modular<\/strong> i <strong>iZi Modular<\/strong><\/p>\n<p>&nbsp;<\/p>\n","protected":false},"featured_media":59973,"comment_status":"open","ping_status":"closed","template":"","meta":{"_acf_changed":false,"footnotes":""},"product_brand":[],"product_cat":[574],"product_tag":[],"class_list":{"0":"post-149480","1":"product","2":"type-product","3":"status-publish","4":"has-post-thumbnail","6":"product_cat-autosjedalice","8":"first","9":"instock","10":"purchasable","11":"product-type-simple"},"bundled_by":[],"bundle_stock_status":"instock","bundle_stock_quantity":4,"bundle_virtual":false,"bundle_layout":"","bundle_add_to_cart_form_location":"","bundle_editable_in_cart":false,"bundle_sold_individually_context":"","bundle_item_grouping":"","bundle_min_size":"","bundle_max_size":"","bundle_price":[],"bundled_items":[],"bundle_sell_ids":[],"acf":[],"yoast_head":"<!-- This site is optimized with the Yoast SEO Premium plugin v21.5 (Yoast SEO v27.4) - https:\/\/yoast.com\/product\/yoast-seo-premium-wordpress\/ -->\n<title>BeSafe iZi Modular i-Size, ISOfix baza - NajNaj.eu<\/title>\n<meta name=\"robots\" content=\"index, follow, max-snippet:-1, max-image-preview:large, max-video-preview:-1\" \/>\n<link rel=\"canonical\" href=\"https:\/\/najnaj.eu\/fr\/proizvod\/izi-modular-i-size-baza\/\" \/>\n<meta property=\"og:locale\" content=\"fr_FR\" \/>\n<meta property=\"og:type\" content=\"article\" \/>\n<meta property=\"og:title\" content=\"BeSafe iZi Modular i-Size, ISOfix baza\" \/>\n<meta property=\"og:description\" content=\"iZi Modular - Tri u jedan iZi Modular i-Size baza je kompatibilna s obje Modular autosjedalice: iZi Go Modular i iZi Modular  &nbsp;\" \/>\n<meta property=\"og:url\" content=\"https:\/\/najnaj.eu\/fr\/proizvod\/izi-modular-i-size-baza\/\" \/>\n<meta property=\"og:site_name\" content=\"NajNaj.eu\" \/>\n<meta property=\"article:publisher\" content=\"https:\/\/web.facebook.com\/najnaj.eu\/\" \/>\n<meta property=\"article:modified_time\" content=\"2025-12-05T13:48:07+00:00\" \/>\n<meta property=\"og:image\" content=\"https:\/\/najnaj.eu\/wp-content\/uploads\/2023\/08\/iZi-Modular-baza.jpg\" \/>\n\t<meta property=\"og:image:width\" content=\"2160\" \/>\n\t<meta property=\"og:image:height\" content=\"1440\" \/>\n\t<meta property=\"og:image:type\" content=\"image\/jpeg\" \/>\n<meta name=\"twitter:card\" content=\"summary_large_image\" \/>\n<meta name=\"twitter:label1\" content=\"Prix\" \/>\n\t<meta name=\"twitter:data1\" content=\"219,00&nbsp;&euro;\" \/>\n\t<meta name=\"twitter:label2\" content=\"Disponibilit\u00e9\" \/>\n\t<meta name=\"twitter:data2\" content=\"En stock\" \/>\n<script type=\"application\/ld+json\" class=\"yoast-schema-graph\">{\"@context\":\"https:\\\/\\\/schema.org\",\"@graph\":[{\"@type\":\"WebPage\",\"@id\":\"https:\\\/\\\/najnaj.eu\\\/fr\\\/proizvod\\\/izi-modular-i-size-baza\\\/\",\"url\":\"https:\\\/\\\/najnaj.eu\\\/fr\\\/proizvod\\\/izi-modular-i-size-baza\\\/\",\"name\":\"BeSafe iZi Modular i-Size, ISOfix baza - NajNaj.eu\",\"isPartOf\":{\"@id\":\"https:\\\/\\\/najnaj.eu\\\/fr\\\/#website\"},\"primaryImageOfPage\":{\"@id\":\"https:\\\/\\\/najnaj.eu\\\/fr\\\/proizvod\\\/izi-modular-i-size-baza\\\/#primaryimage\"},\"image\":{\"@id\":\"https:\\\/\\\/najnaj.eu\\\/fr\\\/proizvod\\\/izi-modular-i-size-baza\\\/#primaryimage\"},\"thumbnailUrl\":\"https:\\\/\\\/najnaj.eu\\\/wp-content\\\/uploads\\\/2023\\\/08\\\/iZi-Modular-baza.jpg\",\"datePublished\":\"2017-11-02T22:00:00+00:00\",\"dateModified\":\"2025-12-05T13:48:07+00:00\",\"breadcrumb\":{\"@id\":\"https:\\\/\\\/najnaj.eu\\\/fr\\\/proizvod\\\/izi-modular-i-size-baza\\\/#breadcrumb\"},\"inLanguage\":\"fr-FR\",\"potentialAction\":[{\"@type\":\"ReadAction\",\"target\":[\"https:\\\/\\\/najnaj.eu\\\/fr\\\/proizvod\\\/izi-modular-i-size-baza\\\/\"]}]},{\"@type\":\"ImageObject\",\"inLanguage\":\"fr-FR\",\"@id\":\"https:\\\/\\\/najnaj.eu\\\/fr\\\/proizvod\\\/izi-modular-i-size-baza\\\/#primaryimage\",\"url\":\"https:\\\/\\\/najnaj.eu\\\/wp-content\\\/uploads\\\/2023\\\/08\\\/iZi-Modular-baza.jpg\",\"contentUrl\":\"https:\\\/\\\/najnaj.eu\\\/wp-content\\\/uploads\\\/2023\\\/08\\\/iZi-Modular-baza.jpg\",\"width\":2160,\"height\":1440},{\"@type\":\"BreadcrumbList\",\"@id\":\"https:\\\/\\\/najnaj.eu\\\/fr\\\/proizvod\\\/izi-modular-i-size-baza\\\/#breadcrumb\",\"itemListElement\":[{\"@type\":\"ListItem\",\"position\":1,\"name\":\"Po\u010detna stranica\",\"item\":\"https:\\\/\\\/najnaj.eu\\\/fr\\\/\"},{\"@type\":\"ListItem\",\"position\":2,\"name\":\"Trgovina\",\"item\":\"https:\\\/\\\/najnaj.hr\\\/trgovina\\\/\"},{\"@type\":\"ListItem\",\"position\":3,\"name\":\"BeSafe iZi Modular i-Size, ISOfix baza\"}]},{\"@type\":\"WebSite\",\"@id\":\"https:\\\/\\\/najnaj.eu\\\/fr\\\/#website\",\"url\":\"https:\\\/\\\/najnaj.eu\\\/fr\\\/\",\"name\":\"NajNaj.eu\",\"description\":\"Za najva\u017enije!\",\"potentialAction\":[{\"@type\":\"SearchAction\",\"target\":{\"@type\":\"EntryPoint\",\"urlTemplate\":\"https:\\\/\\\/najnaj.eu\\\/fr\\\/?s={search_term_string}\"},\"query-input\":{\"@type\":\"PropertyValueSpecification\",\"valueRequired\":true,\"valueName\":\"search_term_string\"}}],\"inLanguage\":\"fr-FR\"}]}<\/script>\n<meta property=\"product:price:amount\" content=\"219.00\" \/>\n<meta property=\"product:price:currency\" content=\"EUR\" \/>\n<meta property=\"og:availability\" content=\"instock\" \/>\n<meta property=\"product:availability\" content=\"instock\" \/>\n<meta property=\"product:retailer_item_id\" content=\"11009877\" \/>\n<meta property=\"product:condition\" content=\"new\" \/>\n<!-- \/ Yoast SEO Premium plugin. -->","yoast_head_json":{"title":"BeSafe iZi Modular i-Size, ISOfix baza - NajNaj.eu","robots":{"index":"index","follow":"follow","max-snippet":"max-snippet:-1","max-image-preview":"max-image-preview:large","max-video-preview":"max-video-preview:-1"},"canonical":"https:\/\/najnaj.eu\/fr\/proizvod\/izi-modular-i-size-baza\/","og_locale":"fr_FR","og_type":"article","og_title":"BeSafe iZi Modular i-Size, ISOfix baza","og_description":"iZi Modular - Tri u jedan iZi Modular i-Size baza je kompatibilna s obje Modular autosjedalice: iZi Go Modular i iZi Modular  &nbsp;","og_url":"https:\/\/najnaj.eu\/fr\/proizvod\/izi-modular-i-size-baza\/","og_site_name":"NajNaj.eu","article_publisher":"https:\/\/web.facebook.com\/najnaj.eu\/","article_modified_time":"2025-12-05T13:48:07+00:00","og_image":[{"width":2160,"height":1440,"url":"https:\/\/najnaj.eu\/wp-content\/uploads\/2023\/08\/iZi-Modular-baza.jpg","type":"image\/jpeg"}],"twitter_card":"summary_large_image","twitter_misc":{"Prix":"219,00&nbsp;&euro;","Disponibilit\u00e9":"En stock"},"schema":{"@context":"https:\/\/schema.org","@graph":[{"@type":"WebPage","@id":"https:\/\/najnaj.eu\/fr\/proizvod\/izi-modular-i-size-baza\/","url":"https:\/\/najnaj.eu\/fr\/proizvod\/izi-modular-i-size-baza\/","name":"BeSafe iZi Modular i-Size, ISOfix baza - NajNaj.eu","isPartOf":{"@id":"https:\/\/najnaj.eu\/fr\/#website"},"primaryImageOfPage":{"@id":"https:\/\/najnaj.eu\/fr\/proizvod\/izi-modular-i-size-baza\/#primaryimage"},"image":{"@id":"https:\/\/najnaj.eu\/fr\/proizvod\/izi-modular-i-size-baza\/#primaryimage"},"thumbnailUrl":"https:\/\/najnaj.eu\/wp-content\/uploads\/2023\/08\/iZi-Modular-baza.jpg","datePublished":"2017-11-02T22:00:00+00:00","dateModified":"2025-12-05T13:48:07+00:00","breadcrumb":{"@id":"https:\/\/najnaj.eu\/fr\/proizvod\/izi-modular-i-size-baza\/#breadcrumb"},"inLanguage":"fr-FR","potentialAction":[{"@type":"ReadAction","target":["https:\/\/najnaj.eu\/fr\/proizvod\/izi-modular-i-size-baza\/"]}]},{"@type":"ImageObject","inLanguage":"fr-FR","@id":"https:\/\/najnaj.eu\/fr\/proizvod\/izi-modular-i-size-baza\/#primaryimage","url":"https:\/\/najnaj.eu\/wp-content\/uploads\/2023\/08\/iZi-Modular-baza.jpg","contentUrl":"https:\/\/najnaj.eu\/wp-content\/uploads\/2023\/08\/iZi-Modular-baza.jpg","width":2160,"height":1440},{"@type":"BreadcrumbList","@id":"https:\/\/najnaj.eu\/fr\/proizvod\/izi-modular-i-size-baza\/#breadcrumb","itemListElement":[{"@type":"ListItem","position":1,"name":"Po\u010detna stranica","item":"https:\/\/najnaj.eu\/fr\/"},{"@type":"ListItem","position":2,"name":"Trgovina","item":"https:\/\/najnaj.hr\/trgovina\/"},{"@type":"ListItem","position":3,"name":"BeSafe iZi Modular i-Size, ISOfix baza"}]},{"@type":"WebSite","@id":"https:\/\/najnaj.eu\/fr\/#website","url":"https:\/\/najnaj.eu\/fr\/","name":"NajNaj.eu","description":"Za najva\u017enije!","potentialAction":[{"@type":"SearchAction","target":{"@type":"EntryPoint","urlTemplate":"https:\/\/najnaj.eu\/fr\/?s={search_term_string}"},"query-input":{"@type":"PropertyValueSpecification","valueRequired":true,"valueName":"search_term_string"}}],"inLanguage":"fr-FR"}]},"product_price_amount":"219.00","product_price_currency":"EUR","og_availability":"instock","product_availability":"instock","product_retailer_item_id":"11009877","product_condition":"new"},"_links":{"self":[{"href":"https:\/\/najnaj.eu\/fr\/wp-json\/wp\/v2\/product\/149480","targetHints":{"allow":["GET"]}}],"collection":[{"href":"https:\/\/najnaj.eu\/fr\/wp-json\/wp\/v2\/product"}],"about":[{"href":"https:\/\/najnaj.eu\/fr\/wp-json\/wp\/v2\/types\/product"}],"replies":[{"embeddable":true,"href":"https:\/\/najnaj.eu\/fr\/wp-json\/wp\/v2\/comments?post=149480"}],"version-history":[{"count":0,"href":"https:\/\/najnaj.eu\/fr\/wp-json\/wp\/v2\/product\/149480\/revisions"}],"wp:featuredmedia":[{"embeddable":true,"href":"https:\/\/najnaj.eu\/fr\/wp-json\/wp\/v2\/media\/59973"}],"wp:attachment":[{"href":"https:\/\/najnaj.eu\/fr\/wp-json\/wp\/v2\/media?parent=149480"}],"wp:term":[{"taxonomy":"product_brand","embeddable":true,"href":"https:\/\/najnaj.eu\/fr\/wp-json\/wp\/v2\/product_brand?post=149480"},{"taxonomy":"product_cat","embeddable":true,"href":"https:\/\/najnaj.eu\/fr\/wp-json\/wp\/v2\/product_cat?post=149480"},{"taxonomy":"product_tag","embeddable":true,"href":"https:\/\/najnaj.eu\/fr\/wp-json\/wp\/v2\/product_tag?post=149480"}],"curies":[{"name":"wp","href":"https:\/\/api.w.org\/{rel}","templated":true}]}}