{"id":149476,"date":"2019-12-02T23:00:00","date_gmt":"2019-12-02T22:00:00","guid":{"rendered":"https:\/\/najnaj.hr\/proizvod\/besafe-kisna-zastita\/"},"modified":"2026-04-15T02:24:14","modified_gmt":"2026-04-15T00:24:14","slug":"besafe-kisna-zastita","status":"publish","type":"product","link":"https:\/\/najnaj.eu\/fr\/proizvod\/besafe-kisna-zastita\/","title":{"rendered":"BeSafe ki\u0161na za\u0161tita"},"content":{"rendered":"<p><strong><b>Udobna za\u0161tita od ki\u0161e <\/b><\/strong><\/p>\n<p><strong><b>Sigurna za\u0161tita u lo\u0161im vremenskim uvjetima<\/b><\/strong><\/p>\n<ul>\n<li>Vodootporni materijali za za\u0161titu od ki\u0161e<\/li>\n<li>Reflektiraju\u0107a oznaka pove\u0107ava vidljivost i sigurnost prilikom kori\u0161tenja autosjedalice na kolicima u lo\u0161im vremenskim uvjetima.<\/li>\n<li>Kemijski ispitani materijali osiguravaju dobrobit djeteta<\/li>\n<\/ul>\n<p><strong><b>Udobnost za bebu<\/b><\/strong><\/p>\n<ul>\n<li>Prilagodljiv dodatni materijal u podru\u010dju nogu za udobno no\u0161enje beba do 75 cm<\/li>\n<li>Prednji otvor koji se zatvara pomo\u010du \u010di\u010dak trake osigurava ventilaciju zraka<\/li>\n<\/ul>\n<p><strong><b>Glatka svakodnevna putovanja<\/b><\/strong><\/p>\n<ul>\n<li>Jednostavno postavljanje na BeSafe autosjedalice zahvaljuju\u0107i svom optimiziranom obliku<\/li>\n<li>Pametan dizajn koji osigurava da je ru\u010dka za no\u0161enje uvijek slobodna za kori\u0161tenje<\/li>\n<li>Brzo sklapanje za\u0161tite u integrirani d\u017eep za pohranu<\/li>\n<li>Otvor za jednostavan pristup omogu\u0107uje stavljanje i va\u0111enje djeteta iz autosjedalice bez potrebe za skidanjem cijelog pokrova<\/li>\n<\/ul>\n<p><strong><b>Tehni\u010dke informacije <\/b><\/strong><\/p>\n<ul>\n<li>Kompatibilna sa svim modelima autosjedalica BeSafe iZi Go Modular i-Size i BeSafe iZi Go<\/li>\n<li>Svi materijali u za\u0161titi pro\u0161li su stroge kemijske testove<\/li>\n<\/ul>\n<p>&nbsp;<\/p>\n","protected":false},"excerpt":{"rendered":"<p>BeSafe ki\u0161na za\u0161tita \u010duva bebu za\u0161ti\u0107enu u lo\u0161em vremenu s vodonepropusnim materijalima, lako dostupnim otvorima i reflektiraju\u0107im oznakama. To je savr\u0161en dodatak kada se autosjedalica koristi na kolicima ili prilikom no\u0161enja djeteta u autosjedalici.<\/p>\n","protected":false},"featured_media":59024,"comment_status":"open","ping_status":"closed","template":"","meta":{"_acf_changed":false,"footnotes":""},"product_brand":[],"product_cat":[646],"product_tag":[2271],"class_list":{"0":"post-149476","1":"product","2":"type-product","3":"status-publish","4":"has-post-thumbnail","6":"product_cat-ostali-dodaci","7":"product_tag-zima","8":"pa_brand-besafe","10":"first","11":"outofstock","12":"sale","13":"purchasable","14":"product-type-simple"},"bundled_by":[],"bundle_stock_status":"outofstock","bundle_stock_quantity":0,"bundle_virtual":false,"bundle_layout":"","bundle_add_to_cart_form_location":"","bundle_editable_in_cart":false,"bundle_sold_individually_context":"","bundle_item_grouping":"","bundle_min_size":"","bundle_max_size":"","bundle_price":[],"bundled_items":[],"bundle_sell_ids":[],"acf":[],"yoast_head":"<!-- This site is optimized with the Yoast SEO Premium plugin v21.5 (Yoast SEO v27.4) - https:\/\/yoast.com\/product\/yoast-seo-premium-wordpress\/ -->\n<title>BeSafe ki\u0161na za\u0161tita - NajNaj.eu<\/title>\n<meta name=\"description\" content=\"BeSafe ki\u0161na za\u0161tita \u010duva bebu za\u0161ti\u0107enu u lo\u0161em vremenu s vodonepropusnim materijalima, lako dostupnim otvorima i reflektiraju\u0107im oznakama.\" \/>\n<meta name=\"robots\" content=\"index, follow, max-snippet:-1, max-image-preview:large, max-video-preview:-1\" \/>\n<link rel=\"canonical\" href=\"https:\/\/najnaj.eu\/fr\/proizvod\/besafe-kisna-zastita\/\" \/>\n<meta property=\"og:locale\" content=\"fr_FR\" \/>\n<meta property=\"og:type\" content=\"article\" \/>\n<meta property=\"og:title\" content=\"BeSafe ki\u0161na za\u0161tita\" \/>\n<meta property=\"og:description\" content=\"BeSafe ki\u0161na za\u0161tita \u010duva bebu za\u0161ti\u0107enu u lo\u0161em vremenu s vodonepropusnim materijalima, lako dostupnim otvorima i reflektiraju\u0107im oznakama.\" \/>\n<meta property=\"og:url\" content=\"https:\/\/najnaj.eu\/fr\/proizvod\/besafe-kisna-zastita\/\" \/>\n<meta property=\"og:site_name\" content=\"NajNaj.eu\" \/>\n<meta property=\"article:publisher\" content=\"https:\/\/web.facebook.com\/najnaj.eu\/\" \/>\n<meta property=\"article:modified_time\" content=\"2026-04-15T00:24:14+00:00\" \/>\n<meta property=\"og:image\" content=\"https:\/\/najnaj.eu\/wp-content\/uploads\/2023\/08\/11006001_BeSafe_Rain-Shield_iZi-Go-Modular-i-Size_iZi-Go-X1.jpg\" \/>\n\t<meta property=\"og:image:width\" content=\"1080\" \/>\n\t<meta property=\"og:image:height\" content=\"1080\" \/>\n\t<meta property=\"og:image:type\" content=\"image\/png\" \/>\n<meta name=\"twitter:card\" content=\"summary_large_image\" \/>\n<meta name=\"twitter:label1\" content=\"Prix\" \/>\n\t<meta name=\"twitter:data1\" content=\"34,99&nbsp;&euro;\" \/>\n\t<meta name=\"twitter:label2\" content=\"Disponibilit\u00e9\" \/>\n\t<meta name=\"twitter:data2\" content=\"Rupture de stock\" \/>\n<script type=\"application\/ld+json\" class=\"yoast-schema-graph\">{\"@context\":\"https:\\\/\\\/schema.org\",\"@graph\":[{\"@type\":\"WebPage\",\"@id\":\"https:\\\/\\\/najnaj.eu\\\/fr\\\/proizvod\\\/besafe-kisna-zastita\\\/\",\"url\":\"https:\\\/\\\/najnaj.eu\\\/fr\\\/proizvod\\\/besafe-kisna-zastita\\\/\",\"name\":\"BeSafe ki\u0161na za\u0161tita - NajNaj.eu\",\"isPartOf\":{\"@id\":\"https:\\\/\\\/najnaj.eu\\\/fr\\\/#website\"},\"primaryImageOfPage\":{\"@id\":\"https:\\\/\\\/najnaj.eu\\\/fr\\\/proizvod\\\/besafe-kisna-zastita\\\/#primaryimage\"},\"image\":{\"@id\":\"https:\\\/\\\/najnaj.eu\\\/fr\\\/proizvod\\\/besafe-kisna-zastita\\\/#primaryimage\"},\"thumbnailUrl\":\"https:\\\/\\\/najnaj.eu\\\/wp-content\\\/uploads\\\/2023\\\/08\\\/11006001_BeSafe_Rain-Shield_iZi-Go-Modular-i-Size_iZi-Go-X1.jpg\",\"datePublished\":\"2019-12-02T22:00:00+00:00\",\"dateModified\":\"2026-04-15T00:24:14+00:00\",\"description\":\"BeSafe ki\u0161na za\u0161tita \u010duva bebu za\u0161ti\u0107enu u lo\u0161em vremenu s vodonepropusnim materijalima, lako dostupnim otvorima i reflektiraju\u0107im oznakama.\",\"breadcrumb\":{\"@id\":\"https:\\\/\\\/najnaj.eu\\\/fr\\\/proizvod\\\/besafe-kisna-zastita\\\/#breadcrumb\"},\"inLanguage\":\"fr-FR\",\"potentialAction\":[{\"@type\":\"ReadAction\",\"target\":[\"https:\\\/\\\/najnaj.eu\\\/fr\\\/proizvod\\\/besafe-kisna-zastita\\\/\"]}]},{\"@type\":\"ImageObject\",\"inLanguage\":\"fr-FR\",\"@id\":\"https:\\\/\\\/najnaj.eu\\\/fr\\\/proizvod\\\/besafe-kisna-zastita\\\/#primaryimage\",\"url\":\"https:\\\/\\\/najnaj.eu\\\/wp-content\\\/uploads\\\/2023\\\/08\\\/11006001_BeSafe_Rain-Shield_iZi-Go-Modular-i-Size_iZi-Go-X1.jpg\",\"contentUrl\":\"https:\\\/\\\/najnaj.eu\\\/wp-content\\\/uploads\\\/2023\\\/08\\\/11006001_BeSafe_Rain-Shield_iZi-Go-Modular-i-Size_iZi-Go-X1.jpg\",\"width\":1080,\"height\":1080},{\"@type\":\"BreadcrumbList\",\"@id\":\"https:\\\/\\\/najnaj.eu\\\/fr\\\/proizvod\\\/besafe-kisna-zastita\\\/#breadcrumb\",\"itemListElement\":[{\"@type\":\"ListItem\",\"position\":1,\"name\":\"Po\u010detna stranica\",\"item\":\"https:\\\/\\\/najnaj.eu\\\/fr\\\/\"},{\"@type\":\"ListItem\",\"position\":2,\"name\":\"Trgovina\",\"item\":\"https:\\\/\\\/najnaj.hr\\\/trgovina\\\/\"},{\"@type\":\"ListItem\",\"position\":3,\"name\":\"BeSafe ki\u0161na za\u0161tita\"}]},{\"@type\":\"WebSite\",\"@id\":\"https:\\\/\\\/najnaj.eu\\\/fr\\\/#website\",\"url\":\"https:\\\/\\\/najnaj.eu\\\/fr\\\/\",\"name\":\"NajNaj.eu\",\"description\":\"Za najva\u017enije!\",\"potentialAction\":[{\"@type\":\"SearchAction\",\"target\":{\"@type\":\"EntryPoint\",\"urlTemplate\":\"https:\\\/\\\/najnaj.eu\\\/fr\\\/?s={search_term_string}\"},\"query-input\":{\"@type\":\"PropertyValueSpecification\",\"valueRequired\":true,\"valueName\":\"search_term_string\"}}],\"inLanguage\":\"fr-FR\"}]}<\/script>\n<meta property=\"product:brand\" content=\"BeSafe\" \/>\n<meta property=\"product:price:amount\" content=\"34.99\" \/>\n<meta property=\"product:price:currency\" content=\"EUR\" \/>\n<meta property=\"og:availability\" content=\"out of stock\" \/>\n<meta property=\"product:availability\" content=\"out of stock\" \/>\n<meta property=\"product:retailer_item_id\" content=\"11006001\" \/>\n<meta property=\"product:condition\" content=\"new\" \/>\n<!-- \/ Yoast SEO Premium plugin. -->","yoast_head_json":{"title":"BeSafe ki\u0161na za\u0161tita - NajNaj.eu","description":"BeSafe ki\u0161na za\u0161tita \u010duva bebu za\u0161ti\u0107enu u lo\u0161em vremenu s vodonepropusnim materijalima, lako dostupnim otvorima i reflektiraju\u0107im oznakama.","robots":{"index":"index","follow":"follow","max-snippet":"max-snippet:-1","max-image-preview":"max-image-preview:large","max-video-preview":"max-video-preview:-1"},"canonical":"https:\/\/najnaj.eu\/fr\/proizvod\/besafe-kisna-zastita\/","og_locale":"fr_FR","og_type":"article","og_title":"BeSafe ki\u0161na za\u0161tita","og_description":"BeSafe ki\u0161na za\u0161tita \u010duva bebu za\u0161ti\u0107enu u lo\u0161em vremenu s vodonepropusnim materijalima, lako dostupnim otvorima i reflektiraju\u0107im oznakama.","og_url":"https:\/\/najnaj.eu\/fr\/proizvod\/besafe-kisna-zastita\/","og_site_name":"NajNaj.eu","article_publisher":"https:\/\/web.facebook.com\/najnaj.eu\/","article_modified_time":"2026-04-15T00:24:14+00:00","og_image":[{"width":1080,"height":1080,"url":"https:\/\/najnaj.eu\/wp-content\/uploads\/2023\/08\/11006001_BeSafe_Rain-Shield_iZi-Go-Modular-i-Size_iZi-Go-X1.jpg","type":"image\/png"}],"twitter_card":"summary_large_image","twitter_misc":{"Prix":"34,99&nbsp;&euro;","Disponibilit\u00e9":"Rupture de stock"},"schema":{"@context":"https:\/\/schema.org","@graph":[{"@type":"WebPage","@id":"https:\/\/najnaj.eu\/fr\/proizvod\/besafe-kisna-zastita\/","url":"https:\/\/najnaj.eu\/fr\/proizvod\/besafe-kisna-zastita\/","name":"BeSafe ki\u0161na za\u0161tita - NajNaj.eu","isPartOf":{"@id":"https:\/\/najnaj.eu\/fr\/#website"},"primaryImageOfPage":{"@id":"https:\/\/najnaj.eu\/fr\/proizvod\/besafe-kisna-zastita\/#primaryimage"},"image":{"@id":"https:\/\/najnaj.eu\/fr\/proizvod\/besafe-kisna-zastita\/#primaryimage"},"thumbnailUrl":"https:\/\/najnaj.eu\/wp-content\/uploads\/2023\/08\/11006001_BeSafe_Rain-Shield_iZi-Go-Modular-i-Size_iZi-Go-X1.jpg","datePublished":"2019-12-02T22:00:00+00:00","dateModified":"2026-04-15T00:24:14+00:00","description":"BeSafe ki\u0161na za\u0161tita \u010duva bebu za\u0161ti\u0107enu u lo\u0161em vremenu s vodonepropusnim materijalima, lako dostupnim otvorima i reflektiraju\u0107im oznakama.","breadcrumb":{"@id":"https:\/\/najnaj.eu\/fr\/proizvod\/besafe-kisna-zastita\/#breadcrumb"},"inLanguage":"fr-FR","potentialAction":[{"@type":"ReadAction","target":["https:\/\/najnaj.eu\/fr\/proizvod\/besafe-kisna-zastita\/"]}]},{"@type":"ImageObject","inLanguage":"fr-FR","@id":"https:\/\/najnaj.eu\/fr\/proizvod\/besafe-kisna-zastita\/#primaryimage","url":"https:\/\/najnaj.eu\/wp-content\/uploads\/2023\/08\/11006001_BeSafe_Rain-Shield_iZi-Go-Modular-i-Size_iZi-Go-X1.jpg","contentUrl":"https:\/\/najnaj.eu\/wp-content\/uploads\/2023\/08\/11006001_BeSafe_Rain-Shield_iZi-Go-Modular-i-Size_iZi-Go-X1.jpg","width":1080,"height":1080},{"@type":"BreadcrumbList","@id":"https:\/\/najnaj.eu\/fr\/proizvod\/besafe-kisna-zastita\/#breadcrumb","itemListElement":[{"@type":"ListItem","position":1,"name":"Po\u010detna stranica","item":"https:\/\/najnaj.eu\/fr\/"},{"@type":"ListItem","position":2,"name":"Trgovina","item":"https:\/\/najnaj.hr\/trgovina\/"},{"@type":"ListItem","position":3,"name":"BeSafe ki\u0161na za\u0161tita"}]},{"@type":"WebSite","@id":"https:\/\/najnaj.eu\/fr\/#website","url":"https:\/\/najnaj.eu\/fr\/","name":"NajNaj.eu","description":"Za najva\u017enije!","potentialAction":[{"@type":"SearchAction","target":{"@type":"EntryPoint","urlTemplate":"https:\/\/najnaj.eu\/fr\/?s={search_term_string}"},"query-input":{"@type":"PropertyValueSpecification","valueRequired":true,"valueName":"search_term_string"}}],"inLanguage":"fr-FR"}]},"product_brand":"BeSafe","product_price_amount":"34.99","product_price_currency":"EUR","og_availability":"out of stock","product_availability":"out of stock","product_retailer_item_id":"11006001","product_condition":"new"},"_links":{"self":[{"href":"https:\/\/najnaj.eu\/fr\/wp-json\/wp\/v2\/product\/149476","targetHints":{"allow":["GET"]}}],"collection":[{"href":"https:\/\/najnaj.eu\/fr\/wp-json\/wp\/v2\/product"}],"about":[{"href":"https:\/\/najnaj.eu\/fr\/wp-json\/wp\/v2\/types\/product"}],"replies":[{"embeddable":true,"href":"https:\/\/najnaj.eu\/fr\/wp-json\/wp\/v2\/comments?post=149476"}],"version-history":[{"count":0,"href":"https:\/\/najnaj.eu\/fr\/wp-json\/wp\/v2\/product\/149476\/revisions"}],"wp:featuredmedia":[{"embeddable":true,"href":"https:\/\/najnaj.eu\/fr\/wp-json\/wp\/v2\/media\/59024"}],"wp:attachment":[{"href":"https:\/\/najnaj.eu\/fr\/wp-json\/wp\/v2\/media?parent=149476"}],"wp:term":[{"taxonomy":"product_brand","embeddable":true,"href":"https:\/\/najnaj.eu\/fr\/wp-json\/wp\/v2\/product_brand?post=149476"},{"taxonomy":"product_cat","embeddable":true,"href":"https:\/\/najnaj.eu\/fr\/wp-json\/wp\/v2\/product_cat?post=149476"},{"taxonomy":"product_tag","embeddable":true,"href":"https:\/\/najnaj.eu\/fr\/wp-json\/wp\/v2\/product_tag?post=149476"}],"curies":[{"name":"wp","href":"https:\/\/api.w.org\/{rel}","templated":true}]}}