{"id":149471,"date":"2019-04-01T22:00:00","date_gmt":"2019-04-01T20:00:00","guid":{"rendered":"https:\/\/najnaj.hr\/proizvod\/besafe-drzac-pojasa\/"},"modified":"2026-01-03T22:15:27","modified_gmt":"2026-01-03T21:15:27","slug":"besafe-drzac-pojasa","status":"publish","type":"product","link":"https:\/\/najnaj.eu\/fr\/proizvod\/besafe-drzac-pojasa\/","title":{"rendered":"BeSafe Dr\u017ea\u010d pojasa"},"content":{"rendered":"<p><strong>Dr\u017eanje ma\u0111ioni\u010dara unutar pojasa<br \/>\n<\/strong>U nekom trenutku sva djeca do\u0111u u fazu testiranja svojih granica. Za neke od njih to zna\u010di razviti naviku izmicanja pojasa autosjedalice, bez obzira na to koliko ih roditelj dobro zategnuo.<\/p>\n<p><strong>Temeljito testirana za\u0161tita<br \/>\n<\/strong>BeSafe Dr\u017ea\u010d pojasa je naravno, testiran na udar u renomiranom ispitnom institutu i u skladu je sa strogim zahtjevima UN R129 propisa. Kako bi dobio odobrenje UN R129, dr\u017ea\u010d pojasa mora biti u skladu sa strogim specifikacijama u pogledu veli\u010dine, funkcionalnosti kao i lako\u0107e otvaranja. Uz testiranje sudara pri 50 km\/h kao u UN R129 uredbi, proveli smo vlastito testiranje sudara na Dr\u017ea\u010d pojasa na isti na\u010din kao \u0161to smo to u\u010dinili na na\u0161oj drugoj dodatnoj opremi: u frontalnom sudaru na 72 km \/h.<\/p>\n<p><strong>Brzo i jednostavno rukovanje<\/strong><br \/>\nBudu\u0107i da je trajno ugra\u0111en na jastu\u010di\u0107e za ramena, Dr\u017ea\u010d pojasa \u010dini kop\u010danje djeteta lakim i nekompliciranim. Kompatibilan je isklju\u010divo s BeSafe autosjedalicama za malu djecu. Mo\u017ee trajno ostati na sjedalu, \u010dine\u0107i kop\u010danje brzim i lakim. Patentirani dizajn ovog rje\u0161enja omogu\u0107uje zatvaranje i otvaranje pojasa u samo jednoj radnji, \u010dime se omogu\u0107uje brzo va\u0111enje djeteta iz sjedalice u bilo kojoj situaciji. Ako je potrebno, dr\u017ea\u010d pojasa mo\u017ee otvoriti i odrasla osoba ako je unutarnji pojas jo\u0161 zatvoren i zategnut. Da biste to u\u010dinili, morali biste gurnuti ramene pojaseve bli\u017ee jedan drugome, tako da postoji manje napetosti na dr\u017ea\u010du pojasa. Zatim mo\u017eete malo okrenuti desnu stranu prema gore, a lijevu stranu prema dolje i zatim razdvojiti ta dva dijela.<\/p>\n<p><strong>Kako je pri\u010dvr\u0161\u0107en?<\/strong><br \/>\nNa BeSafe autosjedalicama za malu djecu na\u0107i \u0107ete \u010di\u010dak ispod jastu\u010di\u0107a za ramena. Otvorite donji dio tog \u010di\u010dka i postavite svaki dio dr\u017ea\u010da pojasa izme\u0111u \u010di\u010daka jastu\u010di\u0107a za ramena. Za pravi kut, pobrinite se da oblik \u010di\u010daka na dijelovima za\u0161tite pojasa slijedi oblik \u010di\u010dak traka na jastu\u010di\u0107ima za ramena. Poravnajte dr\u017ea\u010d pojasa s donjim dijelom jastu\u010di\u0107a za ramena. Nakon pri\u010dvr\u0161\u0107ivanja dijelova za\u0161tite pojasa, pazite da \u010dvrsto zatvorite \u010di\u010dak trake jastu\u010di\u0107a za ramena. Imajte na umu da se BeSafe Dr\u017ea\u010d pojasa koristi samo s BeSafe autosjedalicama za malu djecu.<\/p>\n<p>&nbsp;<\/p>\n","protected":false},"excerpt":{"rendered":"<p>Sa svojom optimalnom potporom pojasa, BeSafe Dr\u017ea\u010d pojasa \u010duva va\u0161e dijete sigurnim dok putuje u BeSafe autosjedalicu za malu djecu. Dr\u017ea\u010d pojasa sigurno dr\u017ei ramene pojaseve zajedno, sprje\u010davaju\u0107i male ma\u0111ioni\u010dare da se izmigolje iz pojaseva autosjedalice.<\/p>\n","protected":false},"featured_media":58090,"comment_status":"open","ping_status":"closed","template":"","meta":{"_acf_changed":false,"footnotes":""},"product_brand":[],"product_cat":[646],"product_tag":[],"class_list":{"0":"post-149471","1":"product","2":"type-product","3":"status-publish","4":"has-post-thumbnail","6":"product_cat-ostali-dodaci","7":"pa_brand-besafe","9":"first","10":"instock","11":"purchasable","12":"product-type-simple"},"bundled_by":[],"bundle_stock_status":"instock","bundle_stock_quantity":15,"bundle_virtual":false,"bundle_layout":"","bundle_add_to_cart_form_location":"","bundle_editable_in_cart":false,"bundle_sold_individually_context":"","bundle_item_grouping":"","bundle_min_size":"","bundle_max_size":"","bundle_price":[],"bundled_items":[],"bundle_sell_ids":[],"acf":[],"yoast_head":"<!-- This site is optimized with the Yoast SEO Premium plugin v21.5 (Yoast SEO v27.4) - https:\/\/yoast.com\/product\/yoast-seo-premium-wordpress\/ -->\n<title>BeSafe Dr\u017ea\u010d pojasa - NajNaj.eu<\/title>\n<meta name=\"robots\" content=\"index, follow, max-snippet:-1, max-image-preview:large, max-video-preview:-1\" \/>\n<link rel=\"canonical\" href=\"https:\/\/najnaj.eu\/fr\/proizvod\/besafe-drzac-pojasa\/\" \/>\n<meta property=\"og:locale\" content=\"fr_FR\" \/>\n<meta property=\"og:type\" content=\"article\" \/>\n<meta property=\"og:title\" content=\"BeSafe Dr\u017ea\u010d pojasa\" \/>\n<meta property=\"og:description\" content=\"Sa svojom optimalnom potporom pojasa, BeSafe Dr\u017ea\u010d pojasa \u010duva va\u0161e dijete sigurnim dok putuje u BeSafe autosjedalicu za malu djecu. Dr\u017ea\u010d pojasa sigurno dr\u017ei ramene pojaseve zajedno, sprje\u010davaju\u0107i male ma\u0111ioni\u010dare da se izmigolje iz pojaseva autosjedalice.\" \/>\n<meta property=\"og:url\" content=\"https:\/\/najnaj.eu\/fr\/proizvod\/besafe-drzac-pojasa\/\" \/>\n<meta property=\"og:site_name\" content=\"NajNaj.eu\" \/>\n<meta property=\"article:publisher\" content=\"https:\/\/web.facebook.com\/najnaj.eu\/\" \/>\n<meta property=\"article:modified_time\" content=\"2026-01-03T21:15:27+00:00\" \/>\n<meta property=\"og:image\" content=\"https:\/\/najnaj.eu\/wp-content\/uploads\/2023\/08\/BeSafe_Belt-Guard-4.jpg\" \/>\n\t<meta property=\"og:image:width\" content=\"768\" \/>\n\t<meta property=\"og:image:height\" content=\"768\" \/>\n\t<meta property=\"og:image:type\" content=\"image\/jpeg\" \/>\n<meta name=\"twitter:card\" content=\"summary_large_image\" \/>\n<meta name=\"twitter:label1\" content=\"Prix\" \/>\n\t<meta name=\"twitter:data1\" content=\"17,99&nbsp;&euro;\" \/>\n\t<meta name=\"twitter:label2\" content=\"Disponibilit\u00e9\" \/>\n\t<meta name=\"twitter:data2\" content=\"En stock\" \/>\n<script type=\"application\/ld+json\" class=\"yoast-schema-graph\">{\"@context\":\"https:\\\/\\\/schema.org\",\"@graph\":[{\"@type\":\"WebPage\",\"@id\":\"https:\\\/\\\/najnaj.eu\\\/fr\\\/proizvod\\\/besafe-drzac-pojasa\\\/\",\"url\":\"https:\\\/\\\/najnaj.eu\\\/fr\\\/proizvod\\\/besafe-drzac-pojasa\\\/\",\"name\":\"BeSafe Dr\u017ea\u010d pojasa - NajNaj.eu\",\"isPartOf\":{\"@id\":\"https:\\\/\\\/najnaj.eu\\\/fr\\\/#website\"},\"primaryImageOfPage\":{\"@id\":\"https:\\\/\\\/najnaj.eu\\\/fr\\\/proizvod\\\/besafe-drzac-pojasa\\\/#primaryimage\"},\"image\":{\"@id\":\"https:\\\/\\\/najnaj.eu\\\/fr\\\/proizvod\\\/besafe-drzac-pojasa\\\/#primaryimage\"},\"thumbnailUrl\":\"https:\\\/\\\/najnaj.eu\\\/wp-content\\\/uploads\\\/2023\\\/08\\\/BeSafe_Belt-Guard-4.jpg\",\"datePublished\":\"2019-04-01T20:00:00+00:00\",\"dateModified\":\"2026-01-03T21:15:27+00:00\",\"breadcrumb\":{\"@id\":\"https:\\\/\\\/najnaj.eu\\\/fr\\\/proizvod\\\/besafe-drzac-pojasa\\\/#breadcrumb\"},\"inLanguage\":\"fr-FR\",\"potentialAction\":[{\"@type\":\"ReadAction\",\"target\":[\"https:\\\/\\\/najnaj.eu\\\/fr\\\/proizvod\\\/besafe-drzac-pojasa\\\/\"]}]},{\"@type\":\"ImageObject\",\"inLanguage\":\"fr-FR\",\"@id\":\"https:\\\/\\\/najnaj.eu\\\/fr\\\/proizvod\\\/besafe-drzac-pojasa\\\/#primaryimage\",\"url\":\"https:\\\/\\\/najnaj.eu\\\/wp-content\\\/uploads\\\/2023\\\/08\\\/BeSafe_Belt-Guard-4.jpg\",\"contentUrl\":\"https:\\\/\\\/najnaj.eu\\\/wp-content\\\/uploads\\\/2023\\\/08\\\/BeSafe_Belt-Guard-4.jpg\",\"width\":768,\"height\":768},{\"@type\":\"BreadcrumbList\",\"@id\":\"https:\\\/\\\/najnaj.eu\\\/fr\\\/proizvod\\\/besafe-drzac-pojasa\\\/#breadcrumb\",\"itemListElement\":[{\"@type\":\"ListItem\",\"position\":1,\"name\":\"Po\u010detna stranica\",\"item\":\"https:\\\/\\\/najnaj.eu\\\/fr\\\/\"},{\"@type\":\"ListItem\",\"position\":2,\"name\":\"Trgovina\",\"item\":\"https:\\\/\\\/najnaj.hr\\\/trgovina\\\/\"},{\"@type\":\"ListItem\",\"position\":3,\"name\":\"BeSafe Dr\u017ea\u010d pojasa\"}]},{\"@type\":\"WebSite\",\"@id\":\"https:\\\/\\\/najnaj.eu\\\/fr\\\/#website\",\"url\":\"https:\\\/\\\/najnaj.eu\\\/fr\\\/\",\"name\":\"NajNaj.eu\",\"description\":\"Za najva\u017enije!\",\"potentialAction\":[{\"@type\":\"SearchAction\",\"target\":{\"@type\":\"EntryPoint\",\"urlTemplate\":\"https:\\\/\\\/najnaj.eu\\\/fr\\\/?s={search_term_string}\"},\"query-input\":{\"@type\":\"PropertyValueSpecification\",\"valueRequired\":true,\"valueName\":\"search_term_string\"}}],\"inLanguage\":\"fr-FR\"}]}<\/script>\n<meta property=\"product:brand\" content=\"BeSafe\" \/>\n<meta property=\"product:price:amount\" content=\"17.99\" \/>\n<meta property=\"product:price:currency\" content=\"EUR\" \/>\n<meta property=\"og:availability\" content=\"instock\" \/>\n<meta property=\"product:availability\" content=\"instock\" \/>\n<meta property=\"product:retailer_item_id\" content=\"10020916\" \/>\n<meta property=\"product:condition\" content=\"new\" \/>\n<!-- \/ Yoast SEO Premium plugin. -->","yoast_head_json":{"title":"BeSafe Dr\u017ea\u010d pojasa - NajNaj.eu","robots":{"index":"index","follow":"follow","max-snippet":"max-snippet:-1","max-image-preview":"max-image-preview:large","max-video-preview":"max-video-preview:-1"},"canonical":"https:\/\/najnaj.eu\/fr\/proizvod\/besafe-drzac-pojasa\/","og_locale":"fr_FR","og_type":"article","og_title":"BeSafe Dr\u017ea\u010d pojasa","og_description":"Sa svojom optimalnom potporom pojasa, BeSafe Dr\u017ea\u010d pojasa \u010duva va\u0161e dijete sigurnim dok putuje u BeSafe autosjedalicu za malu djecu. Dr\u017ea\u010d pojasa sigurno dr\u017ei ramene pojaseve zajedno, sprje\u010davaju\u0107i male ma\u0111ioni\u010dare da se izmigolje iz pojaseva autosjedalice.","og_url":"https:\/\/najnaj.eu\/fr\/proizvod\/besafe-drzac-pojasa\/","og_site_name":"NajNaj.eu","article_publisher":"https:\/\/web.facebook.com\/najnaj.eu\/","article_modified_time":"2026-01-03T21:15:27+00:00","og_image":[{"width":768,"height":768,"url":"https:\/\/najnaj.eu\/wp-content\/uploads\/2023\/08\/BeSafe_Belt-Guard-4.jpg","type":"image\/jpeg"}],"twitter_card":"summary_large_image","twitter_misc":{"Prix":"17,99&nbsp;&euro;","Disponibilit\u00e9":"En stock"},"schema":{"@context":"https:\/\/schema.org","@graph":[{"@type":"WebPage","@id":"https:\/\/najnaj.eu\/fr\/proizvod\/besafe-drzac-pojasa\/","url":"https:\/\/najnaj.eu\/fr\/proizvod\/besafe-drzac-pojasa\/","name":"BeSafe Dr\u017ea\u010d pojasa - NajNaj.eu","isPartOf":{"@id":"https:\/\/najnaj.eu\/fr\/#website"},"primaryImageOfPage":{"@id":"https:\/\/najnaj.eu\/fr\/proizvod\/besafe-drzac-pojasa\/#primaryimage"},"image":{"@id":"https:\/\/najnaj.eu\/fr\/proizvod\/besafe-drzac-pojasa\/#primaryimage"},"thumbnailUrl":"https:\/\/najnaj.eu\/wp-content\/uploads\/2023\/08\/BeSafe_Belt-Guard-4.jpg","datePublished":"2019-04-01T20:00:00+00:00","dateModified":"2026-01-03T21:15:27+00:00","breadcrumb":{"@id":"https:\/\/najnaj.eu\/fr\/proizvod\/besafe-drzac-pojasa\/#breadcrumb"},"inLanguage":"fr-FR","potentialAction":[{"@type":"ReadAction","target":["https:\/\/najnaj.eu\/fr\/proizvod\/besafe-drzac-pojasa\/"]}]},{"@type":"ImageObject","inLanguage":"fr-FR","@id":"https:\/\/najnaj.eu\/fr\/proizvod\/besafe-drzac-pojasa\/#primaryimage","url":"https:\/\/najnaj.eu\/wp-content\/uploads\/2023\/08\/BeSafe_Belt-Guard-4.jpg","contentUrl":"https:\/\/najnaj.eu\/wp-content\/uploads\/2023\/08\/BeSafe_Belt-Guard-4.jpg","width":768,"height":768},{"@type":"BreadcrumbList","@id":"https:\/\/najnaj.eu\/fr\/proizvod\/besafe-drzac-pojasa\/#breadcrumb","itemListElement":[{"@type":"ListItem","position":1,"name":"Po\u010detna stranica","item":"https:\/\/najnaj.eu\/fr\/"},{"@type":"ListItem","position":2,"name":"Trgovina","item":"https:\/\/najnaj.hr\/trgovina\/"},{"@type":"ListItem","position":3,"name":"BeSafe Dr\u017ea\u010d pojasa"}]},{"@type":"WebSite","@id":"https:\/\/najnaj.eu\/fr\/#website","url":"https:\/\/najnaj.eu\/fr\/","name":"NajNaj.eu","description":"Za najva\u017enije!","potentialAction":[{"@type":"SearchAction","target":{"@type":"EntryPoint","urlTemplate":"https:\/\/najnaj.eu\/fr\/?s={search_term_string}"},"query-input":{"@type":"PropertyValueSpecification","valueRequired":true,"valueName":"search_term_string"}}],"inLanguage":"fr-FR"}]},"product_brand":"BeSafe","product_price_amount":"17.99","product_price_currency":"EUR","og_availability":"instock","product_availability":"instock","product_retailer_item_id":"10020916","product_condition":"new"},"_links":{"self":[{"href":"https:\/\/najnaj.eu\/fr\/wp-json\/wp\/v2\/product\/149471","targetHints":{"allow":["GET"]}}],"collection":[{"href":"https:\/\/najnaj.eu\/fr\/wp-json\/wp\/v2\/product"}],"about":[{"href":"https:\/\/najnaj.eu\/fr\/wp-json\/wp\/v2\/types\/product"}],"replies":[{"embeddable":true,"href":"https:\/\/najnaj.eu\/fr\/wp-json\/wp\/v2\/comments?post=149471"}],"version-history":[{"count":0,"href":"https:\/\/najnaj.eu\/fr\/wp-json\/wp\/v2\/product\/149471\/revisions"}],"wp:featuredmedia":[{"embeddable":true,"href":"https:\/\/najnaj.eu\/fr\/wp-json\/wp\/v2\/media\/58090"}],"wp:attachment":[{"href":"https:\/\/najnaj.eu\/fr\/wp-json\/wp\/v2\/media?parent=149471"}],"wp:term":[{"taxonomy":"product_brand","embeddable":true,"href":"https:\/\/najnaj.eu\/fr\/wp-json\/wp\/v2\/product_brand?post=149471"},{"taxonomy":"product_cat","embeddable":true,"href":"https:\/\/najnaj.eu\/fr\/wp-json\/wp\/v2\/product_cat?post=149471"},{"taxonomy":"product_tag","embeddable":true,"href":"https:\/\/najnaj.eu\/fr\/wp-json\/wp\/v2\/product_tag?post=149471"}],"curies":[{"name":"wp","href":"https:\/\/api.w.org\/{rel}","templated":true}]}}