{"id":149467,"date":"2018-08-05T22:00:00","date_gmt":"2018-08-05T20:00:00","guid":{"rendered":"https:\/\/najnaj.hr\/proizvod\/besafe-zastita-za-tablet-i-sjedalo-automobila\/"},"modified":"2026-04-07T21:16:12","modified_gmt":"2026-04-07T19:16:12","slug":"besafe-zastita-za-tablet-i-sjedalo-automobila","status":"publish","type":"product","link":"https:\/\/najnaj.eu\/fr\/proizvod\/besafe-zastita-za-tablet-i-sjedalo-automobila\/","title":{"rendered":"BeSafe Za\u0161tita za tablet i sjedalo automobila"},"content":{"rendered":"<div id=\"x7272976815e9408\">\n<div id=\"x140ed4e665c3490f99045b92eef0bec8\">BeSafe za\u0161tita za tablet i sjedalo automobila omogu\u0107uje\u00a0 siguran na\u010din kori\u0161tenja tableta tijekom putovanja tako \u0161to je testirana na automobilskim testovima za nesre\u0107e te je opremljena pametnim mehanizmom za zatvaranje \u00ab\u00a0Fidlock\u00a0\u00bb koji dr\u017ei sve na mjestu. Tako\u0111er \u0161titi sjedala od prljav\u0161tine i pritiskanja i lako se \u010disti. Mogu\u0107nost prilagodbe u visini \u010dini ju prikladnom za sve vrste sjedala vozila. Budu\u0107i da je odvojiva u dva dijela i s dodatnim sigurnosnim remenom, mo\u017ee se koristiti \u010dak i za sjedala okrenuta prema naprijed. Dva velika zatvaraju\u0107a d\u017eepna mjesta pru\u017eaju prostor za male potrebe.\u00a0 Kompatibilna sa sistemom ISOfix.<\/div>\n<\/div>\n","protected":false},"excerpt":{"rendered":"<p>BeSafe za\u0161tita koja raste s va\u0161im djetetom! Prikladna za upotrebu s autosjedalicama svih skupina &#8211; za novoro\u0111en\u010dad, autosjedalicama skupine 1 i autosjedalicama za ve\u0107u djecu (booster sjedala).<\/p>\n","protected":false},"featured_media":57908,"comment_status":"open","ping_status":"closed","template":"","meta":{"_acf_changed":false,"footnotes":""},"product_brand":[],"product_cat":[646],"product_tag":[],"class_list":{"0":"post-149467","1":"product","2":"type-product","3":"status-publish","4":"has-post-thumbnail","6":"product_cat-ostali-dodaci","7":"pa_brand-besafe","9":"first","10":"instock","11":"purchasable","12":"product-type-simple"},"bundled_by":[],"bundle_stock_status":"instock","bundle_stock_quantity":13,"bundle_virtual":false,"bundle_layout":"","bundle_add_to_cart_form_location":"","bundle_editable_in_cart":false,"bundle_sold_individually_context":"","bundle_item_grouping":"","bundle_min_size":"","bundle_max_size":"","bundle_price":[],"bundled_items":[],"bundle_sell_ids":[],"acf":[],"yoast_head":"<!-- This site is optimized with the Yoast SEO Premium plugin v21.5 (Yoast SEO v27.4) - https:\/\/yoast.com\/product\/yoast-seo-premium-wordpress\/ -->\n<title>BeSafe Za\u0161tita za tablet i sjedalo automobila - NajNaj.eu<\/title>\n<meta name=\"robots\" content=\"index, follow, max-snippet:-1, max-image-preview:large, max-video-preview:-1\" \/>\n<link rel=\"canonical\" href=\"https:\/\/najnaj.eu\/fr\/proizvod\/besafe-zastita-za-tablet-i-sjedalo-automobila\/\" \/>\n<meta property=\"og:locale\" content=\"fr_FR\" \/>\n<meta property=\"og:type\" content=\"article\" \/>\n<meta property=\"og:title\" content=\"BeSafe Za\u0161tita za tablet i sjedalo automobila\" \/>\n<meta property=\"og:description\" content=\"BeSafe za\u0161tita koja raste s va\u0161im djetetom! Prikladna za upotrebu s autosjedalicama svih skupina - za novoro\u0111en\u010dad, autosjedalicama skupine 1 i autosjedalicama za ve\u0107u djecu (booster sjedala).\" \/>\n<meta property=\"og:url\" content=\"https:\/\/najnaj.eu\/fr\/proizvod\/besafe-zastita-za-tablet-i-sjedalo-automobila\/\" \/>\n<meta property=\"og:site_name\" content=\"NajNaj.eu\" \/>\n<meta property=\"article:publisher\" content=\"https:\/\/web.facebook.com\/najnaj.eu\/\" \/>\n<meta property=\"article:modified_time\" content=\"2026-04-07T19:16:12+00:00\" \/>\n<meta property=\"og:image\" content=\"https:\/\/najnaj.eu\/wp-content\/uploads\/2023\/08\/505167_BeSafe_tablet_seat_cover_web-1600x1600-1.jpg\" \/>\n\t<meta property=\"og:image:width\" content=\"1200\" \/>\n\t<meta property=\"og:image:height\" content=\"1200\" \/>\n\t<meta property=\"og:image:type\" content=\"image\/jpeg\" \/>\n<meta name=\"twitter:card\" content=\"summary_large_image\" \/>\n<meta name=\"twitter:label1\" content=\"Prix\" \/>\n\t<meta name=\"twitter:data1\" content=\"61,99&nbsp;&euro;\" \/>\n\t<meta name=\"twitter:label2\" content=\"Disponibilit\u00e9\" \/>\n\t<meta name=\"twitter:data2\" content=\"En stock\" \/>\n<script type=\"application\/ld+json\" class=\"yoast-schema-graph\">{\"@context\":\"https:\\\/\\\/schema.org\",\"@graph\":[{\"@type\":\"WebPage\",\"@id\":\"https:\\\/\\\/najnaj.eu\\\/fr\\\/proizvod\\\/besafe-zastita-za-tablet-i-sjedalo-automobila\\\/\",\"url\":\"https:\\\/\\\/najnaj.eu\\\/fr\\\/proizvod\\\/besafe-zastita-za-tablet-i-sjedalo-automobila\\\/\",\"name\":\"BeSafe Za\u0161tita za tablet i sjedalo automobila - NajNaj.eu\",\"isPartOf\":{\"@id\":\"https:\\\/\\\/najnaj.eu\\\/fr\\\/#website\"},\"primaryImageOfPage\":{\"@id\":\"https:\\\/\\\/najnaj.eu\\\/fr\\\/proizvod\\\/besafe-zastita-za-tablet-i-sjedalo-automobila\\\/#primaryimage\"},\"image\":{\"@id\":\"https:\\\/\\\/najnaj.eu\\\/fr\\\/proizvod\\\/besafe-zastita-za-tablet-i-sjedalo-automobila\\\/#primaryimage\"},\"thumbnailUrl\":\"https:\\\/\\\/najnaj.eu\\\/wp-content\\\/uploads\\\/2023\\\/08\\\/505167_BeSafe_tablet_seat_cover_web-1600x1600-1.jpg\",\"datePublished\":\"2018-08-05T20:00:00+00:00\",\"dateModified\":\"2026-04-07T19:16:12+00:00\",\"breadcrumb\":{\"@id\":\"https:\\\/\\\/najnaj.eu\\\/fr\\\/proizvod\\\/besafe-zastita-za-tablet-i-sjedalo-automobila\\\/#breadcrumb\"},\"inLanguage\":\"fr-FR\",\"potentialAction\":[{\"@type\":\"ReadAction\",\"target\":[\"https:\\\/\\\/najnaj.eu\\\/fr\\\/proizvod\\\/besafe-zastita-za-tablet-i-sjedalo-automobila\\\/\"]}]},{\"@type\":\"ImageObject\",\"inLanguage\":\"fr-FR\",\"@id\":\"https:\\\/\\\/najnaj.eu\\\/fr\\\/proizvod\\\/besafe-zastita-za-tablet-i-sjedalo-automobila\\\/#primaryimage\",\"url\":\"https:\\\/\\\/najnaj.eu\\\/wp-content\\\/uploads\\\/2023\\\/08\\\/505167_BeSafe_tablet_seat_cover_web-1600x1600-1.jpg\",\"contentUrl\":\"https:\\\/\\\/najnaj.eu\\\/wp-content\\\/uploads\\\/2023\\\/08\\\/505167_BeSafe_tablet_seat_cover_web-1600x1600-1.jpg\",\"width\":1200,\"height\":1200},{\"@type\":\"BreadcrumbList\",\"@id\":\"https:\\\/\\\/najnaj.eu\\\/fr\\\/proizvod\\\/besafe-zastita-za-tablet-i-sjedalo-automobila\\\/#breadcrumb\",\"itemListElement\":[{\"@type\":\"ListItem\",\"position\":1,\"name\":\"Po\u010detna stranica\",\"item\":\"https:\\\/\\\/najnaj.eu\\\/fr\\\/\"},{\"@type\":\"ListItem\",\"position\":2,\"name\":\"Trgovina\",\"item\":\"https:\\\/\\\/najnaj.hr\\\/trgovina\\\/\"},{\"@type\":\"ListItem\",\"position\":3,\"name\":\"BeSafe Za\u0161tita za tablet i sjedalo automobila\"}]},{\"@type\":\"WebSite\",\"@id\":\"https:\\\/\\\/najnaj.eu\\\/fr\\\/#website\",\"url\":\"https:\\\/\\\/najnaj.eu\\\/fr\\\/\",\"name\":\"NajNaj.eu\",\"description\":\"Za najva\u017enije!\",\"potentialAction\":[{\"@type\":\"SearchAction\",\"target\":{\"@type\":\"EntryPoint\",\"urlTemplate\":\"https:\\\/\\\/najnaj.eu\\\/fr\\\/?s={search_term_string}\"},\"query-input\":{\"@type\":\"PropertyValueSpecification\",\"valueRequired\":true,\"valueName\":\"search_term_string\"}}],\"inLanguage\":\"fr-FR\"}]}<\/script>\n<meta property=\"product:brand\" content=\"BeSafe\" \/>\n<meta property=\"product:price:amount\" content=\"61.99\" \/>\n<meta property=\"product:price:currency\" content=\"EUR\" \/>\n<meta property=\"og:availability\" content=\"instock\" \/>\n<meta property=\"product:availability\" content=\"instock\" \/>\n<meta property=\"product:retailer_item_id\" content=\"10010880-ANTHRACITE\" \/>\n<meta property=\"product:condition\" content=\"new\" \/>\n<!-- \/ Yoast SEO Premium plugin. -->","yoast_head_json":{"title":"BeSafe Za\u0161tita za tablet i sjedalo automobila - NajNaj.eu","robots":{"index":"index","follow":"follow","max-snippet":"max-snippet:-1","max-image-preview":"max-image-preview:large","max-video-preview":"max-video-preview:-1"},"canonical":"https:\/\/najnaj.eu\/fr\/proizvod\/besafe-zastita-za-tablet-i-sjedalo-automobila\/","og_locale":"fr_FR","og_type":"article","og_title":"BeSafe Za\u0161tita za tablet i sjedalo automobila","og_description":"BeSafe za\u0161tita koja raste s va\u0161im djetetom! Prikladna za upotrebu s autosjedalicama svih skupina - za novoro\u0111en\u010dad, autosjedalicama skupine 1 i autosjedalicama za ve\u0107u djecu (booster sjedala).","og_url":"https:\/\/najnaj.eu\/fr\/proizvod\/besafe-zastita-za-tablet-i-sjedalo-automobila\/","og_site_name":"NajNaj.eu","article_publisher":"https:\/\/web.facebook.com\/najnaj.eu\/","article_modified_time":"2026-04-07T19:16:12+00:00","og_image":[{"width":1200,"height":1200,"url":"https:\/\/najnaj.eu\/wp-content\/uploads\/2023\/08\/505167_BeSafe_tablet_seat_cover_web-1600x1600-1.jpg","type":"image\/jpeg"}],"twitter_card":"summary_large_image","twitter_misc":{"Prix":"61,99&nbsp;&euro;","Disponibilit\u00e9":"En stock"},"schema":{"@context":"https:\/\/schema.org","@graph":[{"@type":"WebPage","@id":"https:\/\/najnaj.eu\/fr\/proizvod\/besafe-zastita-za-tablet-i-sjedalo-automobila\/","url":"https:\/\/najnaj.eu\/fr\/proizvod\/besafe-zastita-za-tablet-i-sjedalo-automobila\/","name":"BeSafe Za\u0161tita za tablet i sjedalo automobila - NajNaj.eu","isPartOf":{"@id":"https:\/\/najnaj.eu\/fr\/#website"},"primaryImageOfPage":{"@id":"https:\/\/najnaj.eu\/fr\/proizvod\/besafe-zastita-za-tablet-i-sjedalo-automobila\/#primaryimage"},"image":{"@id":"https:\/\/najnaj.eu\/fr\/proizvod\/besafe-zastita-za-tablet-i-sjedalo-automobila\/#primaryimage"},"thumbnailUrl":"https:\/\/najnaj.eu\/wp-content\/uploads\/2023\/08\/505167_BeSafe_tablet_seat_cover_web-1600x1600-1.jpg","datePublished":"2018-08-05T20:00:00+00:00","dateModified":"2026-04-07T19:16:12+00:00","breadcrumb":{"@id":"https:\/\/najnaj.eu\/fr\/proizvod\/besafe-zastita-za-tablet-i-sjedalo-automobila\/#breadcrumb"},"inLanguage":"fr-FR","potentialAction":[{"@type":"ReadAction","target":["https:\/\/najnaj.eu\/fr\/proizvod\/besafe-zastita-za-tablet-i-sjedalo-automobila\/"]}]},{"@type":"ImageObject","inLanguage":"fr-FR","@id":"https:\/\/najnaj.eu\/fr\/proizvod\/besafe-zastita-za-tablet-i-sjedalo-automobila\/#primaryimage","url":"https:\/\/najnaj.eu\/wp-content\/uploads\/2023\/08\/505167_BeSafe_tablet_seat_cover_web-1600x1600-1.jpg","contentUrl":"https:\/\/najnaj.eu\/wp-content\/uploads\/2023\/08\/505167_BeSafe_tablet_seat_cover_web-1600x1600-1.jpg","width":1200,"height":1200},{"@type":"BreadcrumbList","@id":"https:\/\/najnaj.eu\/fr\/proizvod\/besafe-zastita-za-tablet-i-sjedalo-automobila\/#breadcrumb","itemListElement":[{"@type":"ListItem","position":1,"name":"Po\u010detna stranica","item":"https:\/\/najnaj.eu\/fr\/"},{"@type":"ListItem","position":2,"name":"Trgovina","item":"https:\/\/najnaj.hr\/trgovina\/"},{"@type":"ListItem","position":3,"name":"BeSafe Za\u0161tita za tablet i sjedalo automobila"}]},{"@type":"WebSite","@id":"https:\/\/najnaj.eu\/fr\/#website","url":"https:\/\/najnaj.eu\/fr\/","name":"NajNaj.eu","description":"Za najva\u017enije!","potentialAction":[{"@type":"SearchAction","target":{"@type":"EntryPoint","urlTemplate":"https:\/\/najnaj.eu\/fr\/?s={search_term_string}"},"query-input":{"@type":"PropertyValueSpecification","valueRequired":true,"valueName":"search_term_string"}}],"inLanguage":"fr-FR"}]},"product_brand":"BeSafe","product_price_amount":"61.99","product_price_currency":"EUR","og_availability":"instock","product_availability":"instock","product_retailer_item_id":"10010880-ANTHRACITE","product_condition":"new"},"_links":{"self":[{"href":"https:\/\/najnaj.eu\/fr\/wp-json\/wp\/v2\/product\/149467","targetHints":{"allow":["GET"]}}],"collection":[{"href":"https:\/\/najnaj.eu\/fr\/wp-json\/wp\/v2\/product"}],"about":[{"href":"https:\/\/najnaj.eu\/fr\/wp-json\/wp\/v2\/types\/product"}],"replies":[{"embeddable":true,"href":"https:\/\/najnaj.eu\/fr\/wp-json\/wp\/v2\/comments?post=149467"}],"version-history":[{"count":0,"href":"https:\/\/najnaj.eu\/fr\/wp-json\/wp\/v2\/product\/149467\/revisions"}],"wp:featuredmedia":[{"embeddable":true,"href":"https:\/\/najnaj.eu\/fr\/wp-json\/wp\/v2\/media\/57908"}],"wp:attachment":[{"href":"https:\/\/najnaj.eu\/fr\/wp-json\/wp\/v2\/media?parent=149467"}],"wp:term":[{"taxonomy":"product_brand","embeddable":true,"href":"https:\/\/najnaj.eu\/fr\/wp-json\/wp\/v2\/product_brand?post=149467"},{"taxonomy":"product_cat","embeddable":true,"href":"https:\/\/najnaj.eu\/fr\/wp-json\/wp\/v2\/product_cat?post=149467"},{"taxonomy":"product_tag","embeddable":true,"href":"https:\/\/najnaj.eu\/fr\/wp-json\/wp\/v2\/product_tag?post=149467"}],"curies":[{"name":"wp","href":"https:\/\/api.w.org\/{rel}","templated":true}]}}