{"id":149461,"date":"2017-11-02T23:00:00","date_gmt":"2017-11-02T22:00:00","guid":{"rendered":"https:\/\/najnaj.hr\/proizvod\/pojas-za-trudnice\/"},"modified":"2026-04-15T02:25:23","modified_gmt":"2026-04-15T00:25:23","slug":"pojas-za-trudnice","status":"publish","type":"product","link":"https:\/\/najnaj.eu\/fr\/proizvod\/pojas-za-trudnice\/","title":{"rendered":"BeSafe Pojas za trudnice iZi FIX"},"content":{"rendered":"<p><strong>Trudnicama osigurava sigurno putovanje i poti\u010de upotrebu sigurnosnih pojaseva tijekom trudno\u0107e\u00a0 \u00a0 <\/strong><\/p>\n<p><span style=\"font-size: 16.2px;\">BeSafe pojas za trudnice ne ometa osnovne sigurnosne performanse automobilskog pojasa u 3 to\u010dke, ali poma\u017ee u pravilnom pozicioniranju bedrenog dijela pojasa tako da uvijek \u010duva nero\u0111eno dijete. BeSafe pojas za trudnice iZi FIX testiran je u sudaru zbog va\u0161e sigurnosti.\u00a0 \u00a0 \u00a0 \u00a0 \u00a0 \u00a0 \u00a0 \u00a0 \u00a0 \u00a0 \u00a0 \u00a0 \u00a0 \u00a0 \u00a0 \u00a0 \u00a0 \u00a0 \u00a0 \u00a0 \u00a0 \u00a0 \u00a0 \u00a0 \u00a0 \u00a0 \u00a0 \u00a0 \u00a0 \u00a0 \u00a0 \u00a0 \u00a0 \u00a0 \u00a0 \u00a0 \u00a0 \u00a0 \u00a0 \u00a0 \u00a0 \u00a0 \u00a0 \u00a0 \u00a0 \u00a0 \u00a0 \u00a0 \u00a0 \u00a0 \u00a0 \u00a0 \u00a0 \u00a0 \u00a0 \u00a0 \u00a0 \u00a0 \u00a0 \u00a0 \u00a0 \u00a0 \u00a0 \u00a0 \u00a0 \u00a0 \u00a0 \u00a0 \u00a0 \u00a0 \u00a0 \u00a0 \u00a0 \u00a0 \u00a0 \u00a0 \u00a0 \u00a0 \u00a0 \u00a0 <\/span><\/p>\n<p><strong>Pove\u0107ana sigurnost za nero\u0111eno dijete\u00a0 \u00a0 \u00a0 \u00a0 \u00a0 \u00a0 \u00a0 \u00a0 \u00a0 \u00a0 \u00a0 \u00a0 \u00a0 \u00a0 \u00a0 \u00a0 \u00a0 \u00a0 \u00a0 \u00a0 \u00a0 \u00a0 \u00a0 \u00a0 \u00a0 \u00a0 \u00a0 \u00a0 \u00a0 \u00a0 \u00a0 \u00a0 \u00a0 \u00a0 \u00a0 \u00a0 \u00a0 \u00a0 \u00a0 \u00a0 \u00a0 \u00a0 \u00a0 \u00a0 \u00a0 \u00a0 \u00a0 \u00a0 \u00a0 \u00a0 \u00a0 \u00a0 \u00a0 \u00a0 \u00a0 \u00a0 \u00a0\u00a0<\/strong><\/p>\n<p>Pojas za trudnice zadr\u017eava sigurnosni pojas automobila na pravilnom polo\u017eaju na tijelu, tako da je majka propisno vezana, a bedreni je pojas istovremeno odmaknut od njenog trbuha i nero\u0111enog djeteta. U slu\u010daju sudara, odrasla osoba te\u017ei 3 do 5 tona. Beba je smje\u0161tena u prednjem dijelu trbuha i na taj je na\u010din izlo\u017eena velikim optere\u0107enjima. Da bi za\u0161titio bebu od ozljeda automobilskim pojasom, BeSafe pojas za trudnice stoga postavlja pojas ispod trbuha i bebe, te preko kukova.<\/p>\n<p><strong>Pove\u0107ana udobnost i upotrebljivost<\/strong><\/p>\n<p>Osim \u0161to \u0161titi nero\u0111eno dijete, BeSafe pojas za trudnice iZi FIX, tako\u0111er budu\u0107oj majci pove\u0107ava udobnost smanjuju\u0107i neugodan pritisak na trbuh i mjehur tijekom putovanja. Pobolj\u0161ana me\u0111uno\u017ena kop\u010da kroz koju se umetne pojas osigurava da je pojas ispod trbuha, \u0161to trudnici omogu\u0107ava naginjanje prema naprijed i jednostavnu svakodnevnu upotrebu<\/p>\n<p><strong>Mo\u017ee se koristiti na gotovo svim sjedalima u automobilu<\/strong><\/p>\n<p>BeSafe pojas za trudnice iZi FIX lako se mo\u017ee instalirati na gotovo sva sjedala u automobilu. Pojas se mo\u017ee postaviti na ISOfix priklju\u010dke na sjedalima ili instalirati pomo\u0107u prilo\u017eene trake.<\/p>\n<p><a href=\"https:\/\/www.besafe.hr\/wp-content\/uploads\/2017\/11\/illustrasjon_gravid_small-1.slika_.jpg\"><img loading=\"lazy\" decoding=\"async\" class=\"alignleft size-full wp-image-6995\" src=\"https:\/\/www.besafe.hr\/wp-content\/uploads\/2017\/11\/illustrasjon_gravid_small-1.slika_.jpg\" alt=\"\" width=\"150\" height=\"125\" \/><\/a><\/p>\n<p>&nbsp;<\/p>\n<p>&nbsp;<\/p>\n<p>&nbsp;<\/p>\n<p>&nbsp;<\/p>\n<p><strong>Postavljanje s trakom za namje\u0161tanje i automobilskim pojasom u 3 to\u010dke<\/strong><\/p>\n<p>Pojas za trudnice iZi FIX mo\u017ee se koristiti na prednjem sjedalu, instaliran pomo\u0107u prilo\u017eene trake za namje\u0161tanje. Jednostavna kop\u010da olak\u0161ava premje\u0161tanje pojasa s jednog sjedala na drugo<\/p>\n<p><a href=\"https:\/\/www.besafe.hr\/wp-content\/uploads\/2017\/11\/installation-pregnant-izi-fix-3-point-car-belt_width-2.slika_.jpg\"><img loading=\"lazy\" decoding=\"async\" class=\"alignleft size-full wp-image-6991\" src=\"https:\/\/www.besafe.hr\/wp-content\/uploads\/2017\/11\/installation-pregnant-izi-fix-3-point-car-belt_width-2.slika_.jpg\" alt=\"\" width=\"500\" height=\"139\" \/><\/a><\/p>\n<p>&nbsp;<\/p>\n<p>&nbsp;<\/p>\n<p>&nbsp;<\/p>\n<p>&nbsp;<\/p>\n<p><strong>Postavljanje s ISOfix priklju\u010dcima i automobilskim pojasom u 3 to\u010dke <\/strong><\/p>\n<p>Kliknite na ISOfix priklju\u010dne to\u010dke u automobilu i pojas za trudnice je spreman za upotrebu.<\/p>\n<p><a href=\"https:\/\/www.besafe.hr\/wp-content\/uploads\/2017\/11\/installation-with-isofix-and-3-point-car-belt_width-3-slika.jpg\"><img loading=\"lazy\" decoding=\"async\" class=\"alignleft size-full wp-image-6993\" src=\"https:\/\/www.besafe.hr\/wp-content\/uploads\/2017\/11\/installation-with-isofix-and-3-point-car-belt_width-3-slika.jpg\" alt=\"\" width=\"500\" height=\"139\" \/><\/a><\/p>\n","protected":false},"excerpt":{"rendered":"<p><strong>Jedan pojas \u2013 dva \u017eivota<\/strong><br \/>\nPreporu\u010deno: od drugog mjeseca trudno\u0107e<br \/>\nPostavljanje: ISOfix i automobilski pojas s upori\u0161tem na tri to\u010dke ili traka za namje\u0161tanje i pojas s upori\u0161tem na tri to\u010dke<br \/>\nTestirano prema: ECE R16<\/p>\n<p>BeSafe pojas za trudnice iZi FIX\u00a0 \u0161titi majku i nero\u0111eno dijete u slu\u010daju nesre\u0107e i preporu\u010duje se od drugog mjeseca trudno\u0107e. Pojas za trudnice iZi FIX osmi\u0161ljen je da dodatno pobolj\u0161a udobnost i olak\u0161a svakodnevnu upotrebu.<\/p>\n","protected":false},"featured_media":57209,"comment_status":"open","ping_status":"closed","template":"","meta":{"_acf_changed":false,"footnotes":""},"product_brand":[],"product_cat":[829,680,562],"product_tag":[],"class_list":{"0":"post-149461","1":"product","2":"type-product","3":"status-publish","4":"has-post-thumbnail","6":"product_cat-dodaci-za-autosjedalice","7":"product_cat-pojas-za-trudnice","8":"product_cat-za-mamu","9":"pa_boja-crna","10":"pa_brand-besafe","12":"first","13":"instock","14":"purchasable","15":"product-type-simple"},"bundled_by":[],"bundle_stock_status":"instock","bundle_stock_quantity":15,"bundle_virtual":false,"bundle_layout":"","bundle_add_to_cart_form_location":"","bundle_editable_in_cart":false,"bundle_sold_individually_context":"","bundle_item_grouping":"","bundle_min_size":"","bundle_max_size":"","bundle_price":[],"bundled_items":[],"bundle_sell_ids":[],"acf":[],"yoast_head":"<!-- This site is optimized with the Yoast SEO Premium plugin v21.5 (Yoast SEO v27.4) - https:\/\/yoast.com\/product\/yoast-seo-premium-wordpress\/ -->\n<title>BeSafe Pojas za trudnice iZi FIX - NajNaj.eu<\/title>\n<meta name=\"robots\" content=\"index, follow, max-snippet:-1, max-image-preview:large, max-video-preview:-1\" \/>\n<link rel=\"canonical\" href=\"https:\/\/najnaj.eu\/fr\/proizvod\/pojas-za-trudnice\/\" \/>\n<meta property=\"og:locale\" content=\"fr_FR\" \/>\n<meta property=\"og:type\" content=\"article\" \/>\n<meta property=\"og:title\" content=\"BeSafe Pojas za trudnice iZi FIX\" \/>\n<meta property=\"og:description\" content=\"Jedan pojas \u2013 dva \u017eivota Preporu\u010deno: od drugog mjeseca trudno\u0107e Postavljanje: ISOfix i automobilski pojas s upori\u0161tem na tri to\u010dke ili traka za namje\u0161tanje i pojas s upori\u0161tem na tri to\u010dke Testirano prema: ECE R16  BeSafe pojas za trudnice iZi FIX\u00a0 \u0161titi majku i nero\u0111eno dijete u slu\u010daju nesre\u0107e i preporu\u010duje se od drugog mjeseca trudno\u0107e. Pojas za trudnice iZi FIX osmi\u0161ljen je da dodatno pobolj\u0161a udobnost i olak\u0161a svakodnevnu upotrebu.\" \/>\n<meta property=\"og:url\" content=\"https:\/\/najnaj.eu\/fr\/proizvod\/pojas-za-trudnice\/\" \/>\n<meta property=\"og:site_name\" content=\"NajNaj.eu\" \/>\n<meta property=\"article:publisher\" content=\"https:\/\/web.facebook.com\/najnaj.eu\/\" \/>\n<meta property=\"article:modified_time\" content=\"2026-04-15T00:25:23+00:00\" \/>\n<meta property=\"og:image\" content=\"https:\/\/najnaj.eu\/wp-content\/uploads\/2023\/08\/520100-BeSafe-Pregnant-iZi-Fix.jpg\" \/>\n\t<meta property=\"og:image:width\" content=\"1410\" \/>\n\t<meta property=\"og:image:height\" content=\"1200\" \/>\n\t<meta property=\"og:image:type\" content=\"image\/jpeg\" \/>\n<meta name=\"twitter:card\" content=\"summary_large_image\" \/>\n<meta name=\"twitter:label1\" content=\"Prix\" \/>\n\t<meta name=\"twitter:data1\" content=\"49,99&nbsp;&euro;\" \/>\n\t<meta name=\"twitter:label2\" content=\"Disponibilit\u00e9\" \/>\n\t<meta name=\"twitter:data2\" content=\"En stock\" \/>\n<script type=\"application\/ld+json\" class=\"yoast-schema-graph\">{\"@context\":\"https:\\\/\\\/schema.org\",\"@graph\":[{\"@type\":\"WebPage\",\"@id\":\"https:\\\/\\\/najnaj.eu\\\/fr\\\/proizvod\\\/pojas-za-trudnice\\\/\",\"url\":\"https:\\\/\\\/najnaj.eu\\\/fr\\\/proizvod\\\/pojas-za-trudnice\\\/\",\"name\":\"BeSafe Pojas za trudnice iZi FIX - NajNaj.eu\",\"isPartOf\":{\"@id\":\"https:\\\/\\\/najnaj.eu\\\/fr\\\/#website\"},\"primaryImageOfPage\":{\"@id\":\"https:\\\/\\\/najnaj.eu\\\/fr\\\/proizvod\\\/pojas-za-trudnice\\\/#primaryimage\"},\"image\":{\"@id\":\"https:\\\/\\\/najnaj.eu\\\/fr\\\/proizvod\\\/pojas-za-trudnice\\\/#primaryimage\"},\"thumbnailUrl\":\"https:\\\/\\\/najnaj.eu\\\/wp-content\\\/uploads\\\/2023\\\/08\\\/520100-BeSafe-Pregnant-iZi-Fix.jpg\",\"datePublished\":\"2017-11-02T22:00:00+00:00\",\"dateModified\":\"2026-04-15T00:25:23+00:00\",\"breadcrumb\":{\"@id\":\"https:\\\/\\\/najnaj.eu\\\/fr\\\/proizvod\\\/pojas-za-trudnice\\\/#breadcrumb\"},\"inLanguage\":\"fr-FR\",\"potentialAction\":[{\"@type\":\"ReadAction\",\"target\":[\"https:\\\/\\\/najnaj.eu\\\/fr\\\/proizvod\\\/pojas-za-trudnice\\\/\"]}]},{\"@type\":\"ImageObject\",\"inLanguage\":\"fr-FR\",\"@id\":\"https:\\\/\\\/najnaj.eu\\\/fr\\\/proizvod\\\/pojas-za-trudnice\\\/#primaryimage\",\"url\":\"https:\\\/\\\/najnaj.eu\\\/wp-content\\\/uploads\\\/2023\\\/08\\\/520100-BeSafe-Pregnant-iZi-Fix.jpg\",\"contentUrl\":\"https:\\\/\\\/najnaj.eu\\\/wp-content\\\/uploads\\\/2023\\\/08\\\/520100-BeSafe-Pregnant-iZi-Fix.jpg\",\"width\":1410,\"height\":1200},{\"@type\":\"BreadcrumbList\",\"@id\":\"https:\\\/\\\/najnaj.eu\\\/fr\\\/proizvod\\\/pojas-za-trudnice\\\/#breadcrumb\",\"itemListElement\":[{\"@type\":\"ListItem\",\"position\":1,\"name\":\"Po\u010detna stranica\",\"item\":\"https:\\\/\\\/najnaj.eu\\\/fr\\\/\"},{\"@type\":\"ListItem\",\"position\":2,\"name\":\"Trgovina\",\"item\":\"https:\\\/\\\/najnaj.hr\\\/trgovina\\\/\"},{\"@type\":\"ListItem\",\"position\":3,\"name\":\"BeSafe Pojas za trudnice iZi FIX\"}]},{\"@type\":\"WebSite\",\"@id\":\"https:\\\/\\\/najnaj.eu\\\/fr\\\/#website\",\"url\":\"https:\\\/\\\/najnaj.eu\\\/fr\\\/\",\"name\":\"NajNaj.eu\",\"description\":\"Za najva\u017enije!\",\"potentialAction\":[{\"@type\":\"SearchAction\",\"target\":{\"@type\":\"EntryPoint\",\"urlTemplate\":\"https:\\\/\\\/najnaj.eu\\\/fr\\\/?s={search_term_string}\"},\"query-input\":{\"@type\":\"PropertyValueSpecification\",\"valueRequired\":true,\"valueName\":\"search_term_string\"}}],\"inLanguage\":\"fr-FR\"}]}<\/script>\n<meta property=\"product:brand\" content=\"BeSafe\" \/>\n<meta property=\"product:price:amount\" content=\"49.99\" \/>\n<meta property=\"product:price:currency\" content=\"EUR\" \/>\n<meta property=\"og:availability\" content=\"instock\" \/>\n<meta property=\"product:availability\" content=\"instock\" \/>\n<meta property=\"product:retailer_item_id\" content=\"10010123-BLACK-AREA1\" \/>\n<meta property=\"product:condition\" content=\"new\" \/>\n<!-- \/ Yoast SEO Premium plugin. -->","yoast_head_json":{"title":"BeSafe Pojas za trudnice iZi FIX - NajNaj.eu","robots":{"index":"index","follow":"follow","max-snippet":"max-snippet:-1","max-image-preview":"max-image-preview:large","max-video-preview":"max-video-preview:-1"},"canonical":"https:\/\/najnaj.eu\/fr\/proizvod\/pojas-za-trudnice\/","og_locale":"fr_FR","og_type":"article","og_title":"BeSafe Pojas za trudnice iZi FIX","og_description":"Jedan pojas \u2013 dva \u017eivota Preporu\u010deno: od drugog mjeseca trudno\u0107e Postavljanje: ISOfix i automobilski pojas s upori\u0161tem na tri to\u010dke ili traka za namje\u0161tanje i pojas s upori\u0161tem na tri to\u010dke Testirano prema: ECE R16  BeSafe pojas za trudnice iZi FIX\u00a0 \u0161titi majku i nero\u0111eno dijete u slu\u010daju nesre\u0107e i preporu\u010duje se od drugog mjeseca trudno\u0107e. Pojas za trudnice iZi FIX osmi\u0161ljen je da dodatno pobolj\u0161a udobnost i olak\u0161a svakodnevnu upotrebu.","og_url":"https:\/\/najnaj.eu\/fr\/proizvod\/pojas-za-trudnice\/","og_site_name":"NajNaj.eu","article_publisher":"https:\/\/web.facebook.com\/najnaj.eu\/","article_modified_time":"2026-04-15T00:25:23+00:00","og_image":[{"width":1410,"height":1200,"url":"https:\/\/najnaj.eu\/wp-content\/uploads\/2023\/08\/520100-BeSafe-Pregnant-iZi-Fix.jpg","type":"image\/jpeg"}],"twitter_card":"summary_large_image","twitter_misc":{"Prix":"49,99&nbsp;&euro;","Disponibilit\u00e9":"En stock"},"schema":{"@context":"https:\/\/schema.org","@graph":[{"@type":"WebPage","@id":"https:\/\/najnaj.eu\/fr\/proizvod\/pojas-za-trudnice\/","url":"https:\/\/najnaj.eu\/fr\/proizvod\/pojas-za-trudnice\/","name":"BeSafe Pojas za trudnice iZi FIX - NajNaj.eu","isPartOf":{"@id":"https:\/\/najnaj.eu\/fr\/#website"},"primaryImageOfPage":{"@id":"https:\/\/najnaj.eu\/fr\/proizvod\/pojas-za-trudnice\/#primaryimage"},"image":{"@id":"https:\/\/najnaj.eu\/fr\/proizvod\/pojas-za-trudnice\/#primaryimage"},"thumbnailUrl":"https:\/\/najnaj.eu\/wp-content\/uploads\/2023\/08\/520100-BeSafe-Pregnant-iZi-Fix.jpg","datePublished":"2017-11-02T22:00:00+00:00","dateModified":"2026-04-15T00:25:23+00:00","breadcrumb":{"@id":"https:\/\/najnaj.eu\/fr\/proizvod\/pojas-za-trudnice\/#breadcrumb"},"inLanguage":"fr-FR","potentialAction":[{"@type":"ReadAction","target":["https:\/\/najnaj.eu\/fr\/proizvod\/pojas-za-trudnice\/"]}]},{"@type":"ImageObject","inLanguage":"fr-FR","@id":"https:\/\/najnaj.eu\/fr\/proizvod\/pojas-za-trudnice\/#primaryimage","url":"https:\/\/najnaj.eu\/wp-content\/uploads\/2023\/08\/520100-BeSafe-Pregnant-iZi-Fix.jpg","contentUrl":"https:\/\/najnaj.eu\/wp-content\/uploads\/2023\/08\/520100-BeSafe-Pregnant-iZi-Fix.jpg","width":1410,"height":1200},{"@type":"BreadcrumbList","@id":"https:\/\/najnaj.eu\/fr\/proizvod\/pojas-za-trudnice\/#breadcrumb","itemListElement":[{"@type":"ListItem","position":1,"name":"Po\u010detna stranica","item":"https:\/\/najnaj.eu\/fr\/"},{"@type":"ListItem","position":2,"name":"Trgovina","item":"https:\/\/najnaj.hr\/trgovina\/"},{"@type":"ListItem","position":3,"name":"BeSafe Pojas za trudnice iZi FIX"}]},{"@type":"WebSite","@id":"https:\/\/najnaj.eu\/fr\/#website","url":"https:\/\/najnaj.eu\/fr\/","name":"NajNaj.eu","description":"Za najva\u017enije!","potentialAction":[{"@type":"SearchAction","target":{"@type":"EntryPoint","urlTemplate":"https:\/\/najnaj.eu\/fr\/?s={search_term_string}"},"query-input":{"@type":"PropertyValueSpecification","valueRequired":true,"valueName":"search_term_string"}}],"inLanguage":"fr-FR"}]},"product_brand":"BeSafe","product_price_amount":"49.99","product_price_currency":"EUR","og_availability":"instock","product_availability":"instock","product_retailer_item_id":"10010123-BLACK-AREA1","product_condition":"new"},"_links":{"self":[{"href":"https:\/\/najnaj.eu\/fr\/wp-json\/wp\/v2\/product\/149461","targetHints":{"allow":["GET"]}}],"collection":[{"href":"https:\/\/najnaj.eu\/fr\/wp-json\/wp\/v2\/product"}],"about":[{"href":"https:\/\/najnaj.eu\/fr\/wp-json\/wp\/v2\/types\/product"}],"replies":[{"embeddable":true,"href":"https:\/\/najnaj.eu\/fr\/wp-json\/wp\/v2\/comments?post=149461"}],"version-history":[{"count":0,"href":"https:\/\/najnaj.eu\/fr\/wp-json\/wp\/v2\/product\/149461\/revisions"}],"wp:featuredmedia":[{"embeddable":true,"href":"https:\/\/najnaj.eu\/fr\/wp-json\/wp\/v2\/media\/57209"}],"wp:attachment":[{"href":"https:\/\/najnaj.eu\/fr\/wp-json\/wp\/v2\/media?parent=149461"}],"wp:term":[{"taxonomy":"product_brand","embeddable":true,"href":"https:\/\/najnaj.eu\/fr\/wp-json\/wp\/v2\/product_brand?post=149461"},{"taxonomy":"product_cat","embeddable":true,"href":"https:\/\/najnaj.eu\/fr\/wp-json\/wp\/v2\/product_cat?post=149461"},{"taxonomy":"product_tag","embeddable":true,"href":"https:\/\/najnaj.eu\/fr\/wp-json\/wp\/v2\/product_tag?post=149461"}],"curies":[{"name":"wp","href":"https:\/\/api.w.org\/{rel}","templated":true}]}}