{"id":149399,"date":"2017-05-13T22:00:00","date_gmt":"2017-05-13T20:00:00","guid":{"rendered":"https:\/\/najnaj.hr\/proizvod\/ergobaby-udobni-umetak-za-novorodencad-sivi\/"},"modified":"2026-02-17T21:30:42","modified_gmt":"2026-02-17T20:30:42","slug":"ergobaby-udobni-umetak-za-novorodencad-sivi","status":"publish","type":"product","link":"https:\/\/najnaj.eu\/fr\/proizvod\/ergobaby-udobni-umetak-za-novorodencad-sivi\/","title":{"rendered":"Ergobaby udobni umetak za novoro\u0111en\u010dad sivi"},"content":{"rendered":"<h1 class=\"alt-font\">Lak i udoban prijelaz iz maternice u svijet.<\/h1>\n<p><strong>Osobine Ergobaby umetka za novoro\u0111en\u010de:<\/strong><\/p>\n<ul>\n<li>Omogu\u0107ava kori\u0161tenje Ergobaby nosiljki 360 i Original od prvog dana, tako da dijete mo\u017eete dr\u017eati blizu i na sigurnom, a istovremeno biti mobilni i imati slobodne ruke.<\/li>\n<li>Osigurava da dijete od ro\u0111enja u nosiljci bude postavljeno u prirodnom \u201cM-polo\u017eaju\u201d nogu, s ra\u0161irenim koljenima, s guzom u razini ili ispod razine koljena i kralje\u017enicom pravilno zakrivljenom u obliku slova C.<\/li>\n<li>Umetak je napravljen tako da se prilago\u0111ava rastu djeteta.<\/li>\n<li>Umetak je obavezan za kori\u0161tenje (s nosiljkama Original i 360) za djecu do 5.5 kg, odnosno do trenutka kada dijete mo\u017ee samostalno dr\u017eati vrat i glavicu, te mu je udobno s ra\u0161irenim nogama u nosiljci. Razvoj i rast djece je individualan, te se prelazak iz umetka izravno u nosiljku obi\u010dno odvija izme\u0111u 4. i 6. mjeseca. Treba pojedina\u010dno promatrati svako dijete i prilagoditi se njegovim specifi\u010dnim potrebama.<\/li>\n<li>Jednostavno postavljanje i va\u0111enje djeteta iz nosiljke s umetkom.<\/li>\n<li>Pahuljasta pamu\u010dna podstava i oblik lepeze omogu\u0107avaju ve\u0107u prozra\u010dnost za dijete u umetku.<\/li>\n<li>Opcionalni jastu\u010di\u0107 u dnu umetka slu\u017ei za povi\u0161eni polo\u017eaj i ispravan stav nogu u nosiljci. Mo\u017ee se izvaditi prema potrebi.<\/li>\n<li>Priznat je kao \u201cproizvod zdrav za kukove\u201d od strane Me\u0111unarodnog instituta za displaziju kukova &#8211; International Hip Dysplasia Institute.<\/li>\n<li>\u0160koljka umetka savr\u0161eno prijanja uz Ergobaby Original nosiljku s 3 polo\u017eaja i Ergobaby 360 nosiljku s 4 polo\u017eaja no\u0161enja. Umetak se jednostavno koristi i lako se kop\u010da na nosiljku.<\/li>\n<li>Svi Ergobaby umeci za novoro\u0111en\u010dad mogu se koristiti sa svim Ergobaby nosiljkama &#8211; osim s nosiljkama Ergobaby Adapt i Omni 360 za koje nije potreban umetak.<\/li>\n<li>100% visokokvalitetni pamuk.<\/li>\n<li>Mo\u017ee se prati u perilici za rublje.<\/li>\n<\/ul>\n","protected":false},"excerpt":{"rendered":"<p><strong>Ergobaby udobni umetak za novoro\u0111en\u010de<\/strong><\/p>\n<ul>\n<li>osigurava pravilan i udoban polo\u017eaj novoro\u0111en\u010deta u nosiljci;<\/li>\n<li>omogu\u0107ava ergonomi\u010dno no\u0161enje djeteta u Ergobaby nosiljci od prvog dana;<\/li>\n<li>lako se koristi i kompatibilan je sa svim Ergobaby nosiljkama, osim s nosiljkama Ergobaby Adapt i Omni 360 za koje umetak nije potreban.<\/li>\n<\/ul>\n","protected":false},"featured_media":176,"comment_status":"open","ping_status":"closed","template":"","meta":{"_acf_changed":false,"footnotes":""},"product_brand":[],"product_cat":[548,544,838],"product_tag":[],"class_list":{"0":"post-149399","1":"product","2":"type-product","3":"status-publish","4":"has-post-thumbnail","6":"product_cat-dodaci-za-nosiljke","7":"product_cat-nosiljke","8":"product_cat-umetak-za-novorodence","9":"pa_boja-siva","10":"pa_brand-ergobaby","12":"first","13":"instock","14":"purchasable","15":"product-type-simple"},"bundled_by":[],"bundle_stock_status":"instock","bundle_stock_quantity":15,"bundle_virtual":false,"bundle_layout":"","bundle_add_to_cart_form_location":"","bundle_editable_in_cart":false,"bundle_sold_individually_context":"","bundle_item_grouping":"","bundle_min_size":"","bundle_max_size":"","bundle_price":[],"bundled_items":[],"bundle_sell_ids":[],"acf":[],"yoast_head":"<!-- This site is optimized with the Yoast SEO Premium plugin v21.5 (Yoast SEO v27.4) - https:\/\/yoast.com\/product\/yoast-seo-premium-wordpress\/ -->\n<title>Ergobaby udobni umetak za novoro\u0111en\u010dad sivi - NajNaj.eu<\/title>\n<meta name=\"robots\" content=\"index, follow, max-snippet:-1, max-image-preview:large, max-video-preview:-1\" \/>\n<link rel=\"canonical\" href=\"https:\/\/najnaj.eu\/fr\/proizvod\/ergobaby-udobni-umetak-za-novorodencad-sivi\/\" \/>\n<meta property=\"og:locale\" content=\"fr_FR\" \/>\n<meta property=\"og:type\" content=\"article\" \/>\n<meta property=\"og:title\" content=\"Ergobaby udobni umetak za novoro\u0111en\u010dad sivi\" \/>\n<meta property=\"og:description\" content=\"Ergobaby udobni umetak za novoro\u0111en\u010de   osigurava pravilan i udoban polo\u017eaj novoro\u0111en\u010deta u nosiljci;  omogu\u0107ava ergonomi\u010dno no\u0161enje djeteta u Ergobaby nosiljci od prvog dana;  lako se koristi i kompatibilan je sa svim Ergobaby nosiljkama, osim s nosiljkama Ergobaby Adapt i Omni 360 za koje umetak nije potreban.\" \/>\n<meta property=\"og:url\" content=\"https:\/\/najnaj.eu\/fr\/proizvod\/ergobaby-udobni-umetak-za-novorodencad-sivi\/\" \/>\n<meta property=\"og:site_name\" content=\"NajNaj.eu\" \/>\n<meta property=\"article:publisher\" content=\"https:\/\/web.facebook.com\/najnaj.eu\/\" \/>\n<meta property=\"article:modified_time\" content=\"2026-02-17T20:30:42+00:00\" \/>\n<meta property=\"og:image\" content=\"https:\/\/najnaj.eu\/wp-content\/uploads\/2023\/05\/original_grey.jpg\" \/>\n\t<meta property=\"og:image:width\" content=\"700\" \/>\n\t<meta property=\"og:image:height\" content=\"700\" \/>\n\t<meta property=\"og:image:type\" content=\"image\/jpeg\" \/>\n<meta name=\"twitter:card\" content=\"summary_large_image\" \/>\n<meta name=\"twitter:label1\" content=\"Prix\" \/>\n\t<meta name=\"twitter:data1\" content=\"24,90&nbsp;&euro;\" \/>\n\t<meta name=\"twitter:label2\" content=\"Disponibilit\u00e9\" \/>\n\t<meta name=\"twitter:data2\" content=\"En stock\" \/>\n<script type=\"application\/ld+json\" class=\"yoast-schema-graph\">{\"@context\":\"https:\\\/\\\/schema.org\",\"@graph\":[{\"@type\":\"WebPage\",\"@id\":\"https:\\\/\\\/najnaj.eu\\\/fr\\\/proizvod\\\/ergobaby-udobni-umetak-za-novorodencad-sivi\\\/\",\"url\":\"https:\\\/\\\/najnaj.eu\\\/fr\\\/proizvod\\\/ergobaby-udobni-umetak-za-novorodencad-sivi\\\/\",\"name\":\"Ergobaby udobni umetak za novoro\u0111en\u010dad sivi - NajNaj.eu\",\"isPartOf\":{\"@id\":\"https:\\\/\\\/najnaj.eu\\\/fr\\\/#website\"},\"primaryImageOfPage\":{\"@id\":\"https:\\\/\\\/najnaj.eu\\\/fr\\\/proizvod\\\/ergobaby-udobni-umetak-za-novorodencad-sivi\\\/#primaryimage\"},\"image\":{\"@id\":\"https:\\\/\\\/najnaj.eu\\\/fr\\\/proizvod\\\/ergobaby-udobni-umetak-za-novorodencad-sivi\\\/#primaryimage\"},\"thumbnailUrl\":\"https:\\\/\\\/najnaj.eu\\\/wp-content\\\/uploads\\\/2023\\\/05\\\/original_grey.jpg\",\"datePublished\":\"2017-05-13T20:00:00+00:00\",\"dateModified\":\"2026-02-17T20:30:42+00:00\",\"breadcrumb\":{\"@id\":\"https:\\\/\\\/najnaj.eu\\\/fr\\\/proizvod\\\/ergobaby-udobni-umetak-za-novorodencad-sivi\\\/#breadcrumb\"},\"inLanguage\":\"fr-FR\",\"potentialAction\":[{\"@type\":\"ReadAction\",\"target\":[\"https:\\\/\\\/najnaj.eu\\\/fr\\\/proizvod\\\/ergobaby-udobni-umetak-za-novorodencad-sivi\\\/\"]}]},{\"@type\":\"ImageObject\",\"inLanguage\":\"fr-FR\",\"@id\":\"https:\\\/\\\/najnaj.eu\\\/fr\\\/proizvod\\\/ergobaby-udobni-umetak-za-novorodencad-sivi\\\/#primaryimage\",\"url\":\"https:\\\/\\\/najnaj.eu\\\/wp-content\\\/uploads\\\/2023\\\/05\\\/original_grey.jpg\",\"contentUrl\":\"https:\\\/\\\/najnaj.eu\\\/wp-content\\\/uploads\\\/2023\\\/05\\\/original_grey.jpg\",\"width\":700,\"height\":700},{\"@type\":\"BreadcrumbList\",\"@id\":\"https:\\\/\\\/najnaj.eu\\\/fr\\\/proizvod\\\/ergobaby-udobni-umetak-za-novorodencad-sivi\\\/#breadcrumb\",\"itemListElement\":[{\"@type\":\"ListItem\",\"position\":1,\"name\":\"Po\u010detna stranica\",\"item\":\"https:\\\/\\\/najnaj.eu\\\/fr\\\/\"},{\"@type\":\"ListItem\",\"position\":2,\"name\":\"Trgovina\",\"item\":\"https:\\\/\\\/najnaj.hr\\\/trgovina\\\/\"},{\"@type\":\"ListItem\",\"position\":3,\"name\":\"Ergobaby udobni umetak za novoro\u0111en\u010dad sivi\"}]},{\"@type\":\"WebSite\",\"@id\":\"https:\\\/\\\/najnaj.eu\\\/fr\\\/#website\",\"url\":\"https:\\\/\\\/najnaj.eu\\\/fr\\\/\",\"name\":\"NajNaj.eu\",\"description\":\"Za najva\u017enije!\",\"potentialAction\":[{\"@type\":\"SearchAction\",\"target\":{\"@type\":\"EntryPoint\",\"urlTemplate\":\"https:\\\/\\\/najnaj.eu\\\/fr\\\/?s={search_term_string}\"},\"query-input\":{\"@type\":\"PropertyValueSpecification\",\"valueRequired\":true,\"valueName\":\"search_term_string\"}}],\"inLanguage\":\"fr-FR\"}]}<\/script>\n<meta property=\"product:brand\" content=\"Ergobaby\" \/>\n<meta property=\"product:price:amount\" content=\"24.90\" \/>\n<meta property=\"product:price:currency\" content=\"EUR\" \/>\n<meta property=\"og:availability\" content=\"instock\" \/>\n<meta property=\"product:availability\" content=\"instock\" \/>\n<meta property=\"product:retailer_item_id\" content=\"IIAGRYV3\" \/>\n<meta property=\"product:condition\" content=\"new\" \/>\n<!-- \/ Yoast SEO Premium plugin. -->","yoast_head_json":{"title":"Ergobaby udobni umetak za novoro\u0111en\u010dad sivi - NajNaj.eu","robots":{"index":"index","follow":"follow","max-snippet":"max-snippet:-1","max-image-preview":"max-image-preview:large","max-video-preview":"max-video-preview:-1"},"canonical":"https:\/\/najnaj.eu\/fr\/proizvod\/ergobaby-udobni-umetak-za-novorodencad-sivi\/","og_locale":"fr_FR","og_type":"article","og_title":"Ergobaby udobni umetak za novoro\u0111en\u010dad sivi","og_description":"Ergobaby udobni umetak za novoro\u0111en\u010de   osigurava pravilan i udoban polo\u017eaj novoro\u0111en\u010deta u nosiljci;  omogu\u0107ava ergonomi\u010dno no\u0161enje djeteta u Ergobaby nosiljci od prvog dana;  lako se koristi i kompatibilan je sa svim Ergobaby nosiljkama, osim s nosiljkama Ergobaby Adapt i Omni 360 za koje umetak nije potreban.","og_url":"https:\/\/najnaj.eu\/fr\/proizvod\/ergobaby-udobni-umetak-za-novorodencad-sivi\/","og_site_name":"NajNaj.eu","article_publisher":"https:\/\/web.facebook.com\/najnaj.eu\/","article_modified_time":"2026-02-17T20:30:42+00:00","og_image":[{"width":700,"height":700,"url":"https:\/\/najnaj.eu\/wp-content\/uploads\/2023\/05\/original_grey.jpg","type":"image\/jpeg"}],"twitter_card":"summary_large_image","twitter_misc":{"Prix":"24,90&nbsp;&euro;","Disponibilit\u00e9":"En stock"},"schema":{"@context":"https:\/\/schema.org","@graph":[{"@type":"WebPage","@id":"https:\/\/najnaj.eu\/fr\/proizvod\/ergobaby-udobni-umetak-za-novorodencad-sivi\/","url":"https:\/\/najnaj.eu\/fr\/proizvod\/ergobaby-udobni-umetak-za-novorodencad-sivi\/","name":"Ergobaby udobni umetak za novoro\u0111en\u010dad sivi - NajNaj.eu","isPartOf":{"@id":"https:\/\/najnaj.eu\/fr\/#website"},"primaryImageOfPage":{"@id":"https:\/\/najnaj.eu\/fr\/proizvod\/ergobaby-udobni-umetak-za-novorodencad-sivi\/#primaryimage"},"image":{"@id":"https:\/\/najnaj.eu\/fr\/proizvod\/ergobaby-udobni-umetak-za-novorodencad-sivi\/#primaryimage"},"thumbnailUrl":"https:\/\/najnaj.eu\/wp-content\/uploads\/2023\/05\/original_grey.jpg","datePublished":"2017-05-13T20:00:00+00:00","dateModified":"2026-02-17T20:30:42+00:00","breadcrumb":{"@id":"https:\/\/najnaj.eu\/fr\/proizvod\/ergobaby-udobni-umetak-za-novorodencad-sivi\/#breadcrumb"},"inLanguage":"fr-FR","potentialAction":[{"@type":"ReadAction","target":["https:\/\/najnaj.eu\/fr\/proizvod\/ergobaby-udobni-umetak-za-novorodencad-sivi\/"]}]},{"@type":"ImageObject","inLanguage":"fr-FR","@id":"https:\/\/najnaj.eu\/fr\/proizvod\/ergobaby-udobni-umetak-za-novorodencad-sivi\/#primaryimage","url":"https:\/\/najnaj.eu\/wp-content\/uploads\/2023\/05\/original_grey.jpg","contentUrl":"https:\/\/najnaj.eu\/wp-content\/uploads\/2023\/05\/original_grey.jpg","width":700,"height":700},{"@type":"BreadcrumbList","@id":"https:\/\/najnaj.eu\/fr\/proizvod\/ergobaby-udobni-umetak-za-novorodencad-sivi\/#breadcrumb","itemListElement":[{"@type":"ListItem","position":1,"name":"Po\u010detna stranica","item":"https:\/\/najnaj.eu\/fr\/"},{"@type":"ListItem","position":2,"name":"Trgovina","item":"https:\/\/najnaj.hr\/trgovina\/"},{"@type":"ListItem","position":3,"name":"Ergobaby udobni umetak za novoro\u0111en\u010dad sivi"}]},{"@type":"WebSite","@id":"https:\/\/najnaj.eu\/fr\/#website","url":"https:\/\/najnaj.eu\/fr\/","name":"NajNaj.eu","description":"Za najva\u017enije!","potentialAction":[{"@type":"SearchAction","target":{"@type":"EntryPoint","urlTemplate":"https:\/\/najnaj.eu\/fr\/?s={search_term_string}"},"query-input":{"@type":"PropertyValueSpecification","valueRequired":true,"valueName":"search_term_string"}}],"inLanguage":"fr-FR"}]},"product_brand":"Ergobaby","product_price_amount":"24.90","product_price_currency":"EUR","og_availability":"instock","product_availability":"instock","product_retailer_item_id":"IIAGRYV3","product_condition":"new"},"_links":{"self":[{"href":"https:\/\/najnaj.eu\/fr\/wp-json\/wp\/v2\/product\/149399","targetHints":{"allow":["GET"]}}],"collection":[{"href":"https:\/\/najnaj.eu\/fr\/wp-json\/wp\/v2\/product"}],"about":[{"href":"https:\/\/najnaj.eu\/fr\/wp-json\/wp\/v2\/types\/product"}],"replies":[{"embeddable":true,"href":"https:\/\/najnaj.eu\/fr\/wp-json\/wp\/v2\/comments?post=149399"}],"version-history":[{"count":0,"href":"https:\/\/najnaj.eu\/fr\/wp-json\/wp\/v2\/product\/149399\/revisions"}],"wp:featuredmedia":[{"embeddable":true,"href":"https:\/\/najnaj.eu\/fr\/wp-json\/wp\/v2\/media\/176"}],"wp:attachment":[{"href":"https:\/\/najnaj.eu\/fr\/wp-json\/wp\/v2\/media?parent=149399"}],"wp:term":[{"taxonomy":"product_brand","embeddable":true,"href":"https:\/\/najnaj.eu\/fr\/wp-json\/wp\/v2\/product_brand?post=149399"},{"taxonomy":"product_cat","embeddable":true,"href":"https:\/\/najnaj.eu\/fr\/wp-json\/wp\/v2\/product_cat?post=149399"},{"taxonomy":"product_tag","embeddable":true,"href":"https:\/\/najnaj.eu\/fr\/wp-json\/wp\/v2\/product_tag?post=149399"}],"curies":[{"name":"wp","href":"https:\/\/api.w.org\/{rel}","templated":true}]}}